{"id":17,"date":"2022-07-22T18:41:49","date_gmt":"2022-07-22T18:41:49","guid":{"rendered":"https:\/\/darlingroses.com\/?page_id=17"},"modified":"2025-04-06T21:07:48","modified_gmt":"2025-04-06T21:07:48","slug":"terminos-y-condiciones","status":"publish","type":"page","link":"https:\/\/www.darlingrosesportugal.com\/en\/terminos-y-condiciones\/","title":{"rendered":"Legal notice"},"content":{"rendered":"<div data-elementor-type=\"wp-post\" data-elementor-id=\"17\" class=\"elementor elementor-17\" data-elementor-post-type=\"page\">\n\t\t\t\t\t\t<section class=\"elementor-section elementor-top-section elementor-element elementor-element-fda4d68 elementor-section-boxed elementor-section-height-default elementor-section-height-default\" data-id=\"fda4d68\" data-element_type=\"section\" data-e-type=\"section\">\n\t\t\t\t\t\t<div class=\"elementor-container elementor-column-gap-default\">\n\t\t\t\t\t<div class=\"elementor-column elementor-col-100 elementor-top-column elementor-element elementor-element-735efef\" data-id=\"735efef\" data-element_type=\"column\" data-e-type=\"column\">\n\t\t\t<div class=\"elementor-widget-wrap elementor-element-populated\">\n\t\t\t\t\t\t<div class=\"elementor-element elementor-element-85aada7 elementor-widget elementor-widget-text-editor\" data-id=\"85aada7\" data-element_type=\"widget\" data-e-type=\"widget\" data-widget_type=\"text-editor.default\">\n\t\t\t\t<div class=\"elementor-widget-container\">\n\t\t\t\t\t\t\t\t\t<h4>Legal notice<\/h4><p class=\"\" data-start=\"69\" data-end=\"300\"><strong data-start=\"69\" data-end=\"86\">Darling Roses<\/strong>, respons\u00e1vel pelo site, doravante designada como <strong data-start=\"136\" data-end=\"151\">RESPONS\u00c1VEL<\/strong>, disponibiliza aos utilizadores o presente documento, com o qual pretende informar todos os utilizadores do site acerca das condi\u00e7\u00f5es de utiliza\u00e7\u00e3o.<\/p><p class=\"\" data-start=\"302\" data-end=\"509\">Toda a pessoa que aceda a este site assume o papel de utilizador, comprometendo-se \u00e0 observ\u00e2ncia e cumprimento rigoroso das disposi\u00e7\u00f5es aqui constantes, bem como de qualquer outra disposi\u00e7\u00e3o legal aplic\u00e1vel.<\/p><p class=\"\" data-start=\"511\" data-end=\"778\"><strong data-start=\"511\" data-end=\"528\">Darling Roses<\/strong> reserva-se o direito de modificar qualquer tipo de informa\u00e7\u00e3o que possa constar no site, sem que haja obriga\u00e7\u00e3o de pr\u00e9-aviso ou de dar conhecimento aos utilizadores dessas altera\u00e7\u00f5es, considerando-se suficiente a publica\u00e7\u00e3o no site da Darling Roses.<\/p><hr class=\"\" data-start=\"780\" data-end=\"783\" \/><h3 class=\"\" data-start=\"785\" data-end=\"814\">1. DADOS DE IDENTIFICA\u00c7\u00c3O<\/h3><ul data-start=\"816\" data-end=\"1067\"><li class=\"\" data-start=\"816\" data-end=\"861\"><p class=\"\" data-start=\"818\" data-end=\"861\">Nome de dom\u00ednio: darlingrosesportugal.com<\/p><\/li><li class=\"\" data-start=\"862\" data-end=\"895\"><p class=\"\" data-start=\"864\" data-end=\"895\">Nome comercial: Darling Roses<\/p><\/li><li class=\"\" data-start=\"896\" data-end=\"946\"><p class=\"\" data-start=\"898\" data-end=\"946\">Denomina\u00e7\u00e3o social: Esther Maria L\u00f3pez Naranjo<\/p><\/li><li class=\"\" data-start=\"947\" data-end=\"965\"><p class=\"\" data-start=\"949\" data-end=\"965\">NIF: 295434953<\/p><\/li><li class=\"\" data-start=\"966\" data-end=\"1025\"><p class=\"\" data-start=\"968\" data-end=\"1025\">Sede: Bartolomeu Dias, 5. Monte Gordo \/ Faro \/ Portugal<\/p><\/li><li class=\"\" data-start=\"1026\" data-end=\"1067\"><p class=\"\" data-start=\"1028\" data-end=\"1067\">E-mail: <a rel=\"noopener\" data-start=\"1036\" data-end=\"1067\">esther@darlingrosesportugal.com<\/a><\/p><\/li><\/ul><hr class=\"\" data-start=\"1069\" data-end=\"1072\" \/><h3 class=\"\" data-start=\"1074\" data-end=\"1129\">2. DIREITOS DE PROPRIEDADE INTELECTUAL E INDUSTRIAL<\/h3><p class=\"\" data-start=\"1131\" data-end=\"1653\">O site, incluindo, a t\u00edtulo exemplificativo mas n\u00e3o limitativo, a sua programa\u00e7\u00e3o, edi\u00e7\u00e3o, compila\u00e7\u00e3o e demais elementos necess\u00e1rios ao seu funcionamento, os designs, log\u00f3tipos, textos e\/ou gr\u00e1ficos, s\u00e3o propriedade da <strong data-start=\"1350\" data-end=\"1365\">RESPONS\u00c1VEL<\/strong> ou, se for o caso, t\u00eam licen\u00e7a ou autoriza\u00e7\u00e3o expressa por parte dos respetivos autores. Todos os conte\u00fados do site encontram-se devidamente protegidos pela legisla\u00e7\u00e3o em mat\u00e9ria de propriedade intelectual e industrial, bem como registados nos respetivos organismos p\u00fablicos competentes.<\/p><p class=\"\" data-start=\"1655\" data-end=\"2023\">Independentemente da finalidade a que se destinem, a reprodu\u00e7\u00e3o total ou parcial, utiliza\u00e7\u00e3o, explora\u00e7\u00e3o, distribui\u00e7\u00e3o e comercializa\u00e7\u00e3o dos conte\u00fados requerem sempre a autoriza\u00e7\u00e3o pr\u00e9via e por escrito da <strong data-start=\"1860\" data-end=\"1875\">RESPONS\u00c1VEL<\/strong>. Qualquer utiliza\u00e7\u00e3o n\u00e3o autorizada previamente ser\u00e1 considerada uma infra\u00e7\u00e3o grave dos direitos de propriedade intelectual ou industrial do autor.<\/p><p class=\"\" data-start=\"2025\" data-end=\"2471\">Os designs, log\u00f3tipos, textos e\/ou gr\u00e1ficos alheios \u00e0 <strong data-start=\"2079\" data-end=\"2094\">RESPONS\u00c1VEL<\/strong> e que possam surgir no site pertencem aos seus respetivos propriet\u00e1rios, sendo estes os respons\u00e1veis por qualquer eventual conflito que possa surgir em rela\u00e7\u00e3o aos mesmos. A <strong data-start=\"2269\" data-end=\"2284\">RESPONS\u00c1VEL<\/strong> autoriza expressamente que terceiros possam redirecionar diretamente para conte\u00fados espec\u00edficos do site e, em qualquer caso, redirecionar para o site principal: darlingrosesportugal.com.<\/p><p class=\"\" data-start=\"2473\" data-end=\"2775\">A <strong data-start=\"2475\" data-end=\"2490\">RESPONS\u00c1VEL<\/strong> reconhece a favor dos titulares os correspondentes direitos de propriedade intelectual e industrial, n\u00e3o implicando a sua simples men\u00e7\u00e3o ou apari\u00e7\u00e3o no site a exist\u00eancia de qualquer direito ou responsabilidade sobre os mesmos, nem apoio, patroc\u00ednio ou recomenda\u00e7\u00e3o por parte da mesma.<\/p><p class=\"\" data-start=\"2777\" data-end=\"3006\">Para qualquer observa\u00e7\u00e3o acerca de poss\u00edveis viola\u00e7\u00f5es dos direitos de propriedade intelectual ou industrial, bem como sobre qualquer conte\u00fado do site, poder\u00e1 entrar em contacto atrav\u00e9s do e-mail: <a rel=\"noopener\" data-start=\"2974\" data-end=\"3005\">esther@darlingrosesportugal.com<\/a>.<\/p><hr class=\"\" data-start=\"3008\" data-end=\"3011\" \/><h3 class=\"\" data-start=\"3013\" data-end=\"3047\">3. ISEN\u00c7\u00c3O DE RESPONSABILIDADE<\/h3><p class=\"\" data-start=\"3049\" data-end=\"3389\">A <strong data-start=\"3051\" data-end=\"3066\">RESPONS\u00c1VEL<\/strong> isenta-se de qualquer tipo de responsabilidade pela informa\u00e7\u00e3o publicada no seu site, desde que n\u00e3o tenha conhecimento efetivo de que essa informa\u00e7\u00e3o tenha sido manipulada ou introduzida por um terceiro alheio ao mesmo ou, caso o tenha, que tenha atuado com dilig\u00eancia para remover os dados ou impedir o acesso aos mesmos.<\/p><hr class=\"\" data-start=\"3391\" data-end=\"3394\" \/><p class=\"\" data-start=\"3396\" data-end=\"3421\"><strong data-start=\"3396\" data-end=\"3421\">Utiliza\u00e7\u00e3o de Cookies<\/strong><\/p><p class=\"\" data-start=\"3423\" data-end=\"3977\">Este site pode utilizar cookies t\u00e9cnicas (pequenos ficheiros de informa\u00e7\u00e3o que o servidor envia para o dispositivo de quem acede \u00e0 p\u00e1gina) para realizar determinadas fun\u00e7\u00f5es que s\u00e3o consideradas essenciais para o correto funcionamento e visualiza\u00e7\u00e3o do site. As cookies utilizadas t\u00eam, em todo o caso, car\u00e1ter tempor\u00e1rio, com o \u00fanico objetivo de tornar a navega\u00e7\u00e3o mais eficiente, e desaparecem com o fim da sess\u00e3o do utilizador. Em nenhum caso estas cookies fornecem, por si s\u00f3, dados de car\u00e1ter pessoal e n\u00e3o ser\u00e3o utilizadas para a recolha dos mesmos.<\/p><p class=\"\" data-start=\"3979\" data-end=\"4674\">Atrav\u00e9s da utiliza\u00e7\u00e3o de cookies, \u00e9 tamb\u00e9m poss\u00edvel que o servidor onde se encontra alojado o site reconhe\u00e7a o navegador utilizado pelo utilizador, com o objetivo de tornar a navega\u00e7\u00e3o mais simples, permitindo, por exemplo, o acesso direto de utilizadores previamente registados a \u00e1reas, servi\u00e7os, promo\u00e7\u00f5es ou concursos reservados exclusivamente a eles, sem necessidade de se registarem em cada visita. Podem tamb\u00e9m ser utilizadas para medir a audi\u00eancia, par\u00e2metros de tr\u00e1fego, controlar o progresso e o n\u00famero de entradas, etc., sendo nestes casos cookies n\u00e3o essenciais, mas ben\u00e9ficas para o utilizador. Este site n\u00e3o instalar\u00e1 cookies n\u00e3o essenciais sem o consentimento pr\u00e9vio do utilizador.<\/p><p class=\"\" data-start=\"4676\" data-end=\"4892\">O utilizador pode configurar o seu navegador para ser alertado da rece\u00e7\u00e3o de cookies e para impedir a sua instala\u00e7\u00e3o no seu dispositivo. Por favor, consulte as instru\u00e7\u00f5es do seu navegador para obter mais informa\u00e7\u00f5es.<\/p><hr class=\"\" data-start=\"4894\" data-end=\"4897\" \/><p class=\"\" data-start=\"4899\" data-end=\"4923\"><strong data-start=\"4899\" data-end=\"4923\">Pol\u00edtica de Liga\u00e7\u00f5es<\/strong><\/p><p class=\"\" data-start=\"4925\" data-end=\"5470\">A partir deste site, \u00e9 poss\u00edvel que se redirecione para conte\u00fados de terceiros. Dado que a <strong data-start=\"5016\" data-end=\"5031\">RESPONS\u00c1VEL<\/strong> n\u00e3o pode controlar sempre os conte\u00fados introduzidos por terceiros nos seus respetivos sites, n\u00e3o assume qualquer tipo de responsabilidade em rela\u00e7\u00e3o a esses conte\u00fados. Em qualquer caso, proceder-se-\u00e1 \u00e0 remo\u00e7\u00e3o imediata de qualquer conte\u00fado que possa infringir a legisla\u00e7\u00e3o nacional ou internacional, a moral ou a ordem p\u00fablica, removendo de imediato a liga\u00e7\u00e3o para esse site e informando as autoridades competentes do conte\u00fado em quest\u00e3o.<\/p><p class=\"\" data-start=\"5472\" data-end=\"6299\">A <strong data-start=\"5474\" data-end=\"5489\">RESPONS\u00c1VEL<\/strong> n\u00e3o se responsabiliza pela informa\u00e7\u00e3o e conte\u00fados armazenados, a t\u00edtulo exemplificativo mas n\u00e3o limitativo, em f\u00f3runs, chats, blogs, coment\u00e1rios, redes sociais ou qualquer outro meio que permita a terceiros publicar conte\u00fados de forma independente na p\u00e1gina da <strong data-start=\"5751\" data-end=\"5766\">RESPONS\u00c1VEL<\/strong>. No entanto, em conformidade com o disposto na legisla\u00e7\u00e3o aplic\u00e1vel, coloca-se \u00e0 disposi\u00e7\u00e3o de todos os utilizadores, autoridades e for\u00e7as de seguran\u00e7a, colaborando de forma ativa na remo\u00e7\u00e3o ou, se necess\u00e1rio, bloqueio de todos os conte\u00fados que possam afetar ou infringir a legisla\u00e7\u00e3o nacional ou internacional, direitos de terceiros ou a moral e a ordem p\u00fablica. Caso o utilizador considere que existe algum conte\u00fado no site que possa enquadrar-se nesta classifica\u00e7\u00e3o, solicita-se que notifique de imediato o administrador do site.<\/p><hr class=\"\" data-start=\"6301\" data-end=\"6304\" \/>\t\t\t\t\t\t\t\t<\/div>\n\t\t\t\t<\/div>\n\t\t\t\t\t<\/div>\n\t\t<\/div>\n\t\t\t\t\t<\/div>\n\t\t<\/section>\n\t\t\t\t<\/div>","protected":false},"excerpt":{"rendered":"<p>Aviso Legal Darling Roses, respons\u00e1vel pelo site, doravante designada como RESPONS\u00c1VEL, disponibiliza aos utilizadores o presente documento, com o qual pretende informar todos os utilizadores do site acerca das condi\u00e7\u00f5es de utiliza\u00e7\u00e3o. Toda a pessoa que aceda a este site assume o papel de utilizador, comprometendo-se \u00e0 observ\u00e2ncia e cumprimento rigoroso das disposi\u00e7\u00f5es aqui constantes, [&hellip;]<\/p>\n","protected":false},"author":1,"featured_media":0,"parent":0,"menu_order":0,"comment_status":"closed","ping_status":"closed","template":"","meta":{"_eb_attr":"","_uag_custom_page_level_css":"","site-sidebar-layout":"no-sidebar","site-content-layout":"page-builder","ast-site-content-layout":"default","site-content-style":"default","site-sidebar-style":"default","ast-global-header-display":"","ast-banner-title-visibility":"","ast-main-header-display":"","ast-hfb-above-header-display":"","ast-hfb-below-header-display":"","ast-hfb-mobile-header-display":"","site-post-title":"disabled","ast-breadcrumbs-content":"","ast-featured-img":"disabled","footer-sml-layout":"","ast-disable-related-posts":"","theme-transparent-header-meta":"","adv-header-id-meta":"","stick-header-meta":"","header-above-stick-meta":"","header-main-stick-meta":"","header-below-stick-meta":"","astra-migrate-meta-layouts":"default","ast-page-background-enabled":"default","ast-page-background-meta":{"desktop":{"background-color":"var(--ast-global-color-4)","background-image":"","background-repeat":"repeat","background-position":"center center","background-size":"auto","background-attachment":"scroll","background-type":"","background-media":"","overlay-type":"","overlay-color":"","overlay-opacity":"","overlay-gradient":""},"tablet":{"background-color":"","background-image":"","background-repeat":"repeat","background-position":"center center","background-size":"auto","background-attachment":"scroll","background-type":"","background-media":"","overlay-type":"","overlay-color":"","overlay-opacity":"","overlay-gradient":""},"mobile":{"background-color":"","background-image":"","background-repeat":"repeat","background-position":"center center","background-size":"auto","background-attachment":"scroll","background-type":"","background-media":"","overlay-type":"","overlay-color":"","overlay-opacity":"","overlay-gradient":""}},"ast-content-background-meta":{"desktop":{"background-color":"var(--ast-global-color-5)","background-image":"","background-repeat":"repeat","background-position":"center center","background-size":"auto","background-attachment":"scroll","background-type":"","background-media":"","overlay-type":"","overlay-color":"","overlay-opacity":"","overlay-gradient":""},"tablet":{"background-color":"var(--ast-global-color-5)","background-image":"","background-repeat":"repeat","background-position":"center center","background-size":"auto","background-attachment":"scroll","background-type":"","background-media":"","overlay-type":"","overlay-color":"","overlay-opacity":"","overlay-gradient":""},"mobile":{"background-color":"var(--ast-global-color-5)","background-image":"","background-repeat":"repeat","background-position":"center center","background-size":"auto","background-attachment":"scroll","background-type":"","background-media":"","overlay-type":"","overlay-color":"","overlay-opacity":"","overlay-gradient":""}},"footnotes":""},"class_list":["post-17","page","type-page","status-publish","hentry"],"yoast_head":"<!-- This site is optimized with the Yoast SEO plugin v27.4 - https:\/\/yoast.com\/product\/yoast-seo-wordpress\/ -->\n<title>Aviso Legal - Darling Roses Portugal<\/title>\n<meta name=\"robots\" content=\"index, follow, max-snippet:-1, max-image-preview:large, max-video-preview:-1\" \/>\n<link rel=\"canonical\" href=\"https:\/\/www.darlingrosesportugal.com\/en\/terminos-y-condiciones\/\" \/>\n<meta property=\"og:locale\" content=\"en_GB\" \/>\n<meta property=\"og:type\" content=\"article\" \/>\n<meta property=\"og:title\" content=\"Aviso Legal - Darling Roses Portugal\" \/>\n<meta property=\"og:description\" content=\"Aviso Legal Darling Roses, respons\u00e1vel pelo site, doravante designada como RESPONS\u00c1VEL, disponibiliza aos utilizadores o presente documento, com o qual pretende informar todos os utilizadores do site acerca das condi\u00e7\u00f5es de utiliza\u00e7\u00e3o. Toda a pessoa que aceda a este site assume o papel de utilizador, comprometendo-se \u00e0 observ\u00e2ncia e cumprimento rigoroso das disposi\u00e7\u00f5es aqui constantes, [&hellip;]\" \/>\n<meta property=\"og:url\" content=\"https:\/\/www.darlingrosesportugal.com\/en\/terminos-y-condiciones\/\" \/>\n<meta property=\"og:site_name\" content=\"Darling Roses Portugal\" \/>\n<meta property=\"article:publisher\" content=\"https:\/\/www.facebook.com\/profile.php?id=100086260200492\" \/>\n<meta property=\"article:modified_time\" content=\"2025-04-06T21:07:48+00:00\" \/>\n<meta name=\"twitter:card\" content=\"summary_large_image\" \/>\n<meta name=\"twitter:site\" content=\"@Darling_Roses_\" \/>\n<meta name=\"twitter:label1\" content=\"Estimated reading time\" \/>\n\t<meta name=\"twitter:data1\" content=\"5 minutes\" \/>\n<script type=\"application\/ld+json\" class=\"yoast-schema-graph\">{\"@context\":\"https:\\\/\\\/schema.org\",\"@graph\":[{\"@type\":\"WebPage\",\"@id\":\"https:\\\/\\\/www.darlingrosesportugal.com\\\/terminos-y-condiciones\\\/\",\"url\":\"https:\\\/\\\/www.darlingrosesportugal.com\\\/terminos-y-condiciones\\\/\",\"name\":\"Aviso Legal - Darling Roses Portugal\",\"isPartOf\":{\"@id\":\"https:\\\/\\\/www.darlingrosesportugal.com\\\/#website\"},\"datePublished\":\"2022-07-22T18:41:49+00:00\",\"dateModified\":\"2025-04-06T21:07:48+00:00\",\"breadcrumb\":{\"@id\":\"https:\\\/\\\/www.darlingrosesportugal.com\\\/terminos-y-condiciones\\\/#breadcrumb\"},\"inLanguage\":\"en-GB\",\"potentialAction\":[{\"@type\":\"ReadAction\",\"target\":[\"https:\\\/\\\/www.darlingrosesportugal.com\\\/terminos-y-condiciones\\\/\"]}]},{\"@type\":\"BreadcrumbList\",\"@id\":\"https:\\\/\\\/www.darlingrosesportugal.com\\\/terminos-y-condiciones\\\/#breadcrumb\",\"itemListElement\":[{\"@type\":\"ListItem\",\"position\":1,\"name\":\"Inicio\",\"item\":\"https:\\\/\\\/www.darlingrosesportugal.com\\\/\"},{\"@type\":\"ListItem\",\"position\":2,\"name\":\"Aviso Legal\"}]},{\"@type\":\"WebSite\",\"@id\":\"https:\\\/\\\/www.darlingrosesportugal.com\\\/#website\",\"url\":\"https:\\\/\\\/www.darlingrosesportugal.com\\\/\",\"name\":\"Darling Roses Portugal\",\"description\":\"Florista online de Rosas Preservadas em Portugal\",\"publisher\":{\"@id\":\"https:\\\/\\\/www.darlingrosesportugal.com\\\/#organization\"},\"alternateName\":\"Floristeria Online Rosas Preservadas Sevilla\",\"potentialAction\":[{\"@type\":\"SearchAction\",\"target\":{\"@type\":\"EntryPoint\",\"urlTemplate\":\"https:\\\/\\\/www.darlingrosesportugal.com\\\/?s={search_term_string}\"},\"query-input\":{\"@type\":\"PropertyValueSpecification\",\"valueRequired\":true,\"valueName\":\"search_term_string\"}}],\"inLanguage\":\"en-GB\"},{\"@type\":\"Organization\",\"@id\":\"https:\\\/\\\/www.darlingrosesportugal.com\\\/#organization\",\"name\":\"Darling Roses\",\"alternateName\":\"Floristeria Online Rosas Preservadas Sevilla\",\"url\":\"https:\\\/\\\/www.darlingrosesportugal.com\\\/\",\"logo\":{\"@type\":\"ImageObject\",\"inLanguage\":\"en-GB\",\"@id\":\"https:\\\/\\\/www.darlingrosesportugal.com\\\/#\\\/schema\\\/logo\\\/image\\\/\",\"url\":\"https:\\\/\\\/www.darlingrosesportugal.com\\\/wp-content\\\/uploads\\\/2022\\\/09\\\/darlingroses-small.png\",\"contentUrl\":\"https:\\\/\\\/www.darlingrosesportugal.com\\\/wp-content\\\/uploads\\\/2022\\\/09\\\/darlingroses-small.png\",\"width\":312,\"height\":282,\"caption\":\"Darling Roses\"},\"image\":{\"@id\":\"https:\\\/\\\/www.darlingrosesportugal.com\\\/#\\\/schema\\\/logo\\\/image\\\/\"},\"sameAs\":[\"https:\\\/\\\/www.facebook.com\\\/profile.php?id=100086260200492\",\"https:\\\/\\\/x.com\\\/Darling_Roses_\"]}]}<\/script>\n<!-- \/ Yoast SEO plugin. -->","yoast_head_json":{"title":"Aviso Legal - Darling Roses Portugal","robots":{"index":"index","follow":"follow","max-snippet":"max-snippet:-1","max-image-preview":"max-image-preview:large","max-video-preview":"max-video-preview:-1"},"canonical":"https:\/\/www.darlingrosesportugal.com\/en\/terminos-y-condiciones\/","og_locale":"en_GB","og_type":"article","og_title":"Aviso Legal - Darling Roses Portugal","og_description":"Aviso Legal Darling Roses, respons\u00e1vel pelo site, doravante designada como RESPONS\u00c1VEL, disponibiliza aos utilizadores o presente documento, com o qual pretende informar todos os utilizadores do site acerca das condi\u00e7\u00f5es de utiliza\u00e7\u00e3o. Toda a pessoa que aceda a este site assume o papel de utilizador, comprometendo-se \u00e0 observ\u00e2ncia e cumprimento rigoroso das disposi\u00e7\u00f5es aqui constantes, [&hellip;]","og_url":"https:\/\/www.darlingrosesportugal.com\/en\/terminos-y-condiciones\/","og_site_name":"Darling Roses Portugal","article_publisher":"https:\/\/www.facebook.com\/profile.php?id=100086260200492","article_modified_time":"2025-04-06T21:07:48+00:00","twitter_card":"summary_large_image","twitter_site":"@Darling_Roses_","twitter_misc":{"Estimated reading time":"5 minutes"},"schema":{"@context":"https:\/\/schema.org","@graph":[{"@type":"WebPage","@id":"https:\/\/www.darlingrosesportugal.com\/terminos-y-condiciones\/","url":"https:\/\/www.darlingrosesportugal.com\/terminos-y-condiciones\/","name":"Aviso Legal - Darling Roses Portugal","isPartOf":{"@id":"https:\/\/www.darlingrosesportugal.com\/#website"},"datePublished":"2022-07-22T18:41:49+00:00","dateModified":"2025-04-06T21:07:48+00:00","breadcrumb":{"@id":"https:\/\/www.darlingrosesportugal.com\/terminos-y-condiciones\/#breadcrumb"},"inLanguage":"en-GB","potentialAction":[{"@type":"ReadAction","target":["https:\/\/www.darlingrosesportugal.com\/terminos-y-condiciones\/"]}]},{"@type":"BreadcrumbList","@id":"https:\/\/www.darlingrosesportugal.com\/terminos-y-condiciones\/#breadcrumb","itemListElement":[{"@type":"ListItem","position":1,"name":"Inicio","item":"https:\/\/www.darlingrosesportugal.com\/"},{"@type":"ListItem","position":2,"name":"Aviso Legal"}]},{"@type":"WebSite","@id":"https:\/\/www.darlingrosesportugal.com\/#website","url":"https:\/\/www.darlingrosesportugal.com\/","name":"Darling Roses Portugal","description":"Online florist for preserved roses in Portugal","publisher":{"@id":"https:\/\/www.darlingrosesportugal.com\/#organization"},"alternateName":"Floristeria Online Rosas Preservadas Sevilla","potentialAction":[{"@type":"SearchAction","target":{"@type":"EntryPoint","urlTemplate":"https:\/\/www.darlingrosesportugal.com\/?s={search_term_string}"},"query-input":{"@type":"PropertyValueSpecification","valueRequired":true,"valueName":"search_term_string"}}],"inLanguage":"en-GB"},{"@type":"Organization","@id":"https:\/\/www.darlingrosesportugal.com\/#organization","name":"Darling Roses","alternateName":"Floristeria Online Rosas Preservadas Sevilla","url":"https:\/\/www.darlingrosesportugal.com\/","logo":{"@type":"ImageObject","inLanguage":"en-GB","@id":"https:\/\/www.darlingrosesportugal.com\/#\/schema\/logo\/image\/","url":"https:\/\/www.darlingrosesportugal.com\/wp-content\/uploads\/2022\/09\/darlingroses-small.png","contentUrl":"https:\/\/www.darlingrosesportugal.com\/wp-content\/uploads\/2022\/09\/darlingroses-small.png","width":312,"height":282,"caption":"Darling Roses"},"image":{"@id":"https:\/\/www.darlingrosesportugal.com\/#\/schema\/logo\/image\/"},"sameAs":["https:\/\/www.facebook.com\/profile.php?id=100086260200492","https:\/\/x.com\/Darling_Roses_"]}]}},"uagb_featured_image_src":{"full":false,"thumbnail":false,"medium":false,"medium_large":false,"large":false,"1536x1536":false,"2048x2048":false,"trp-custom-language-flag":false,"woocommerce_thumbnail":false,"woocommerce_single":false,"woocommerce_gallery_thumbnail":false},"uagb_author_info":{"display_name":"admin","author_link":"https:\/\/www.darlingrosesportugal.com\/en\/author\/admin\/"},"uagb_comment_info":0,"uagb_excerpt":"Aviso Legal Darling Roses, respons\u00e1vel pelo site, doravante designada como RESPONS\u00c1VEL, disponibiliza aos utilizadores o presente documento, com o qual pretende informar todos os utilizadores do site acerca das condi\u00e7\u00f5es de utiliza\u00e7\u00e3o. Toda a pessoa que aceda a este site assume o papel de utilizador, comprometendo-se \u00e0 observ\u00e2ncia e cumprimento rigoroso das disposi\u00e7\u00f5es aqui constantes,&hellip;","jetpack_sharing_enabled":true,"_links":{"self":[{"href":"https:\/\/www.darlingrosesportugal.com\/en\/wp-json\/wp\/v2\/pages\/17","targetHints":{"allow":["GET"]}}],"collection":[{"href":"https:\/\/www.darlingrosesportugal.com\/en\/wp-json\/wp\/v2\/pages"}],"about":[{"href":"https:\/\/www.darlingrosesportugal.com\/en\/wp-json\/wp\/v2\/types\/page"}],"author":[{"embeddable":true,"href":"https:\/\/www.darlingrosesportugal.com\/en\/wp-json\/wp\/v2\/users\/1"}],"replies":[{"embeddable":true,"href":"https:\/\/www.darlingrosesportugal.com\/en\/wp-json\/wp\/v2\/comments?post=17"}],"version-history":[{"count":18,"href":"https:\/\/www.darlingrosesportugal.com\/en\/wp-json\/wp\/v2\/pages\/17\/revisions"}],"predecessor-version":[{"id":6736,"href":"https:\/\/www.darlingrosesportugal.com\/en\/wp-json\/wp\/v2\/pages\/17\/revisions\/6736"}],"wp:attachment":[{"href":"https:\/\/www.darlingrosesportugal.com\/en\/wp-json\/wp\/v2\/media?parent=17"}],"curies":[{"name":"wp","href":"https:\/\/api.w.org\/{rel}","templated":true}]}}