{"id":19,"date":"2022-07-22T16:31:35","date_gmt":"2022-07-22T16:31:35","guid":{"rendered":"https:\/\/darlingroses.com\/?page_id=19"},"modified":"2025-04-06T22:20:46","modified_gmt":"2025-04-06T22:20:46","slug":"politica-de-privacidad","status":"publish","type":"page","link":"https:\/\/www.darlingrosesportugal.com\/en\/politica-de-privacidad\/","title":{"rendered":"POL\u00cdTICA DE PRIVACIDAD"},"content":{"rendered":"<div data-elementor-type=\"wp-post\" data-elementor-id=\"19\" class=\"elementor elementor-19\" data-elementor-post-type=\"page\">\n\t\t\t\t\t\t<section class=\"elementor-section elementor-top-section elementor-element elementor-element-0f66bdb elementor-section-boxed elementor-section-height-default elementor-section-height-default\" data-id=\"0f66bdb\" data-element_type=\"section\" data-e-type=\"section\">\n\t\t\t\t\t\t<div class=\"elementor-container elementor-column-gap-default\">\n\t\t\t\t\t<div class=\"elementor-column elementor-col-100 elementor-top-column elementor-element elementor-element-0a1b0ff\" data-id=\"0a1b0ff\" data-element_type=\"column\" data-e-type=\"column\">\n\t\t\t<div class=\"elementor-widget-wrap elementor-element-populated\">\n\t\t\t\t\t\t<div class=\"elementor-element elementor-element-5046181 elementor-widget elementor-widget-text-editor\" data-id=\"5046181\" data-element_type=\"widget\" data-e-type=\"widget\" data-widget_type=\"text-editor.default\">\n\t\t\t\t<div class=\"elementor-widget-container\">\n\t\t\t\t\t\t\t\t\t<h2 data-start=\"110\" data-end=\"137\">\u00a0<\/h2><h2 data-start=\"110\" data-end=\"137\"><strong data-start=\"110\" data-end=\"137\">POL\u00cdTICA DE PRIVACIDADE<\/strong><\/h2><h3 class=\"\" data-start=\"139\" data-end=\"170\">1. INFORMA\u00c7\u00c3O AO UTILIZADOR<\/h3><p class=\"\" data-start=\"172\" data-end=\"438\"><strong data-start=\"172\" data-end=\"237\">Quem \u00e9 o respons\u00e1vel pelo tratamento dos seus dados pessoais?<\/strong><br data-start=\"237\" data-end=\"240\" \/>A Darling Roses \u00e9 a RESPONS\u00c1VEL pelo tratamento dos dados pessoais do UTILIZADOR e informa que esses dados ser\u00e3o tratados em conformidade com o disposto no Regulamento (UE) 2016\/679, de 27 de abril.<\/p><p class=\"\" data-start=\"440\" data-end=\"642\"><strong data-start=\"440\" data-end=\"506\">Para que tratamos os seus dados pessoais e com que finalidade?<\/strong><br data-start=\"506\" data-end=\"509\" \/>Consoante o formul\u00e1rio atrav\u00e9s do qual obtivemos os seus dados pessoais, trat\u00e1-los-emos de forma confidencial para os seguintes fins:<\/p><p class=\"\" data-start=\"644\" data-end=\"825\"><strong data-start=\"644\" data-end=\"674\">No formul\u00e1rio de Contacto:<\/strong><br data-start=\"674\" data-end=\"677\" \/>\u2022 Responder a consultas ou a qualquer tipo de pedido efetuado pelo utilizador atrav\u00e9s de qualquer um dos meios de contacto disponibilizados no site.<\/p><p class=\"\" data-start=\"827\" data-end=\"1117\"><strong data-start=\"827\" data-end=\"846\">Na Loja Online:<\/strong><br data-start=\"846\" data-end=\"849\" \/>\u2022 Gerir a sua compra ou encomenda online, processar o pagamento e proceder ao envio ou ativa\u00e7\u00e3o da mesma, com base nas condi\u00e7\u00f5es gerais de contrata\u00e7\u00e3o.<br data-start=\"1000\" data-end=\"1003\" \/>\u2022 Gerir, manter, melhorar ou desenvolver os servi\u00e7os prestados.<br data-start=\"1066\" data-end=\"1069\" \/>\u2022 Realizar inqu\u00e9ritos de satisfa\u00e7\u00e3o e qualidade.<\/p><p class=\"\" data-start=\"1119\" data-end=\"1490\"><strong data-start=\"1119\" data-end=\"1179\">Durante quanto tempo conservamos os seus dados pessoais?<\/strong><br data-start=\"1179\" data-end=\"1182\" \/>Os dados ser\u00e3o conservados apenas durante o tempo necess\u00e1rio para cumprir a finalidade para a qual foram recolhidos ou para cumprir obriga\u00e7\u00f5es legais. Quando deixarem de ser necess\u00e1rios, ser\u00e3o eliminados com as medidas de seguran\u00e7a adequadas, de forma a garantir a anonimiza\u00e7\u00e3o ou destrui\u00e7\u00e3o total dos dados.<\/p><p class=\"\" data-start=\"1492\" data-end=\"1925\"><strong data-start=\"1492\" data-end=\"1538\">A quem comunicamos os seus dados pessoais?<\/strong><br data-start=\"1538\" data-end=\"1541\" \/>N\u00e3o est\u00e1 prevista a comunica\u00e7\u00e3o de dados pessoais a terceiros, exceto se for necess\u00e1rio para o cumprimento das finalidades do tratamento. Nestes casos, os dados poder\u00e3o ser partilhados com os nossos prestadores de servi\u00e7os relacionados com comunica\u00e7\u00f5es, com os quais a RESPONS\u00c1VEL celebrou contratos de confidencialidade e de subcontrata\u00e7\u00e3o, conforme exigido pela legisla\u00e7\u00e3o em vigor.<\/p><p class=\"\" data-start=\"1927\" data-end=\"2350\"><strong data-start=\"1927\" data-end=\"1958\">Quais s\u00e3o os seus direitos?<\/strong><br data-start=\"1958\" data-end=\"1961\" \/>O UTILIZADOR tem os seguintes direitos:<br data-start=\"2000\" data-end=\"2003\" \/>\u2022 Direito de retirar o consentimento a qualquer momento.<br data-start=\"2059\" data-end=\"2062\" \/>\u2022 Direito de acesso, retifica\u00e7\u00e3o, portabilidade e elimina\u00e7\u00e3o dos seus dados, bem como de limita\u00e7\u00e3o ou oposi\u00e7\u00e3o ao seu tratamento.<br data-start=\"2191\" data-end=\"2194\" \/>\u2022 Direito de apresentar reclama\u00e7\u00e3o junto da autoridade de controlo, caso considere que o tratamento dos seus dados n\u00e3o est\u00e1 conforme a legisla\u00e7\u00e3o aplic\u00e1vel.<\/p><p class=\"\" data-start=\"2352\" data-end=\"2582\"><strong data-start=\"2352\" data-end=\"2409\">Dados de contacto para o exerc\u00edcio dos seus direitos:<\/strong><br data-start=\"2409\" data-end=\"2412\" \/>Para exercer os seus direitos em mat\u00e9ria de prote\u00e7\u00e3o de dados junto da Darling Roses, dever\u00e1 enviar um e-mail para: <strong data-start=\"2528\" data-end=\"2563\"><a rel=\"noopener\" data-start=\"2530\" data-end=\"2561\">esther@darlingrosesportugal.com<\/a><\/strong>, com o seu pedido.<\/p><hr class=\"\" data-start=\"2584\" data-end=\"2587\" \/><h3 class=\"\" data-start=\"2589\" data-end=\"2670\">2. CAR\u00c1TER OBRIGAT\u00d3RIO OU FACULTATIVO DA INFORMA\u00c7\u00c3O FORNECIDA PELO UTILIZADOR<\/h3><p class=\"\" data-start=\"2672\" data-end=\"3189\">Os UTILIZADORES, ao assinalarem as caixas correspondentes e ao introduzirem dados nos campos assinalados com um asterisco (*) nos formul\u00e1rios de contacto ou de descarga, aceitam de forma expressa, livre e inequ\u00edvoca que os seus dados s\u00e3o necess\u00e1rios para o tratamento do seu pedido por parte da prestadora dos servi\u00e7os. A inclus\u00e3o de dados nos restantes campos \u00e9 volunt\u00e1ria. O UTILIZADOR garante que os dados pessoais fornecidos \u00e0 RESPONS\u00c1VEL s\u00e3o verdadeiros e compromete-se a comunicar qualquer altera\u00e7\u00e3o aos mesmos.<\/p><p class=\"\" data-start=\"3191\" data-end=\"3500\">A RESPONS\u00c1VEL informa que todos os dados solicitados atrav\u00e9s do site s\u00e3o obrigat\u00f3rios, por serem essenciais para prestar um servi\u00e7o de qualidade ao UTILIZADOR. Caso n\u00e3o sejam fornecidos todos os dados, n\u00e3o se pode garantir que a informa\u00e7\u00e3o e os servi\u00e7os prestados correspondam totalmente \u00e0s suas necessidades.<\/p><hr class=\"\" data-start=\"3502\" data-end=\"3505\" \/><h3 class=\"\" data-start=\"3507\" data-end=\"3534\">3. MEDIDAS DE SEGURAN\u00c7A<\/h3><p class=\"\" data-start=\"3536\" data-end=\"3894\">Em conformidade com a legisla\u00e7\u00e3o em vigor sobre prote\u00e7\u00e3o de dados pessoais, a RESPONS\u00c1VEL cumpre com todas as obriga\u00e7\u00f5es legais relativas ao tratamento dos dados sob a sua responsabilidade. Os dados s\u00e3o tratados de forma l\u00edcita, leal e transparente em rela\u00e7\u00e3o ao titular, sendo adequados, pertinentes e limitados ao necess\u00e1rio para os fins a que se destinam.<\/p><p class=\"\" data-start=\"3896\" data-end=\"4095\">A RESPONS\u00c1VEL garante que implementou pol\u00edticas t\u00e9cnicas e organizativas apropriadas para proteger os direitos e liberdades dos UTILIZADORES, e que os informou devidamente para que possam exerc\u00ea-los.<\/p><p class=\"\" data-start=\"4097\" data-end=\"4240\">Para mais informa\u00e7\u00f5es sobre as garantias de privacidade, poder\u00e1 contactar a RESPONS\u00c1VEL atrav\u00e9s do e-mail: <strong data-start=\"4204\" data-end=\"4239\"><a rel=\"noopener\" data-start=\"4206\" data-end=\"4237\">esther@darlingrosesportugal.com<\/a><\/strong>.<\/p>\t\t\t\t\t\t\t\t<\/div>\n\t\t\t\t<\/div>\n\t\t\t\t\t<\/div>\n\t\t<\/div>\n\t\t\t\t\t<\/div>\n\t\t<\/section>\n\t\t\t\t<\/div>","protected":false},"excerpt":{"rendered":"<p>\u00a0 POL\u00cdTICA DE PRIVACIDADE 1. INFORMA\u00c7\u00c3O AO UTILIZADOR Quem \u00e9 o respons\u00e1vel pelo tratamento dos seus dados pessoais?A Darling Roses \u00e9 a RESPONS\u00c1VEL pelo tratamento dos dados pessoais do UTILIZADOR e informa que esses dados ser\u00e3o tratados em conformidade com o disposto no Regulamento (UE) 2016\/679, de 27 de abril. Para que tratamos os seus [&hellip;]<\/p>\n","protected":false},"author":1,"featured_media":0,"parent":0,"menu_order":0,"comment_status":"closed","ping_status":"closed","template":"","meta":{"_eb_attr":"","_uag_custom_page_level_css":"","site-sidebar-layout":"no-sidebar","site-content-layout":"page-builder","ast-site-content-layout":"default","site-content-style":"default","site-sidebar-style":"default","ast-global-header-display":"","ast-banner-title-visibility":"","ast-main-header-display":"","ast-hfb-above-header-display":"","ast-hfb-below-header-display":"","ast-hfb-mobile-header-display":"","site-post-title":"disabled","ast-breadcrumbs-content":"","ast-featured-img":"disabled","footer-sml-layout":"","ast-disable-related-posts":"","theme-transparent-header-meta":"","adv-header-id-meta":"","stick-header-meta":"","header-above-stick-meta":"","header-main-stick-meta":"","header-below-stick-meta":"","astra-migrate-meta-layouts":"default","ast-page-background-enabled":"default","ast-page-background-meta":{"desktop":{"background-color":"var(--ast-global-color-4)","background-image":"","background-repeat":"repeat","background-position":"center center","background-size":"auto","background-attachment":"scroll","background-type":"","background-media":"","overlay-type":"","overlay-color":"","overlay-opacity":"","overlay-gradient":""},"tablet":{"background-color":"","background-image":"","background-repeat":"repeat","background-position":"center center","background-size":"auto","background-attachment":"scroll","background-type":"","background-media":"","overlay-type":"","overlay-color":"","overlay-opacity":"","overlay-gradient":""},"mobile":{"background-color":"","background-image":"","background-repeat":"repeat","background-position":"center center","background-size":"auto","background-attachment":"scroll","background-type":"","background-media":"","overlay-type":"","overlay-color":"","overlay-opacity":"","overlay-gradient":""}},"ast-content-background-meta":{"desktop":{"background-color":"var(--ast-global-color-5)","background-image":"","background-repeat":"repeat","background-position":"center center","background-size":"auto","background-attachment":"scroll","background-type":"","background-media":"","overlay-type":"","overlay-color":"","overlay-opacity":"","overlay-gradient":""},"tablet":{"background-color":"var(--ast-global-color-5)","background-image":"","background-repeat":"repeat","background-position":"center center","background-size":"auto","background-attachment":"scroll","background-type":"","background-media":"","overlay-type":"","overlay-color":"","overlay-opacity":"","overlay-gradient":""},"mobile":{"background-color":"var(--ast-global-color-5)","background-image":"","background-repeat":"repeat","background-position":"center center","background-size":"auto","background-attachment":"scroll","background-type":"","background-media":"","overlay-type":"","overlay-color":"","overlay-opacity":"","overlay-gradient":""}},"footnotes":""},"class_list":["post-19","page","type-page","status-publish","hentry"],"yoast_head":"<!-- This site is optimized with the Yoast SEO plugin v27.4 - https:\/\/yoast.com\/product\/yoast-seo-wordpress\/ -->\n<title>POL\u00cdTICA DE PRIVACIDAD - Darling Roses Portugal<\/title>\n<meta name=\"robots\" content=\"index, follow, max-snippet:-1, max-image-preview:large, max-video-preview:-1\" \/>\n<link rel=\"canonical\" href=\"https:\/\/www.darlingrosesportugal.com\/en\/politica-de-privacidad\/\" \/>\n<meta property=\"og:locale\" content=\"en_GB\" \/>\n<meta property=\"og:type\" content=\"article\" \/>\n<meta property=\"og:title\" content=\"POL\u00cdTICA DE PRIVACIDAD - Darling Roses Portugal\" \/>\n<meta property=\"og:description\" content=\"\u00a0 POL\u00cdTICA DE PRIVACIDADE 1. INFORMA\u00c7\u00c3O AO UTILIZADOR Quem \u00e9 o respons\u00e1vel pelo tratamento dos seus dados pessoais?A Darling Roses \u00e9 a RESPONS\u00c1VEL pelo tratamento dos dados pessoais do UTILIZADOR e informa que esses dados ser\u00e3o tratados em conformidade com o disposto no Regulamento (UE) 2016\/679, de 27 de abril. Para que tratamos os seus [&hellip;]\" \/>\n<meta property=\"og:url\" content=\"https:\/\/www.darlingrosesportugal.com\/en\/politica-de-privacidad\/\" \/>\n<meta property=\"og:site_name\" content=\"Darling Roses Portugal\" \/>\n<meta property=\"article:publisher\" content=\"https:\/\/www.facebook.com\/profile.php?id=100086260200492\" \/>\n<meta property=\"article:modified_time\" content=\"2025-04-06T22:20:46+00:00\" \/>\n<meta name=\"twitter:card\" content=\"summary_large_image\" \/>\n<meta name=\"twitter:site\" content=\"@Darling_Roses_\" \/>\n<meta name=\"twitter:label1\" content=\"Estimated reading time\" \/>\n\t<meta name=\"twitter:data1\" content=\"4 minutes\" \/>\n<script type=\"application\/ld+json\" class=\"yoast-schema-graph\">{\"@context\":\"https:\\\/\\\/schema.org\",\"@graph\":[{\"@type\":\"WebPage\",\"@id\":\"https:\\\/\\\/www.darlingrosesportugal.com\\\/politica-de-privacidad\\\/\",\"url\":\"https:\\\/\\\/www.darlingrosesportugal.com\\\/politica-de-privacidad\\\/\",\"name\":\"POL\u00cdTICA DE PRIVACIDAD - Darling Roses Portugal\",\"isPartOf\":{\"@id\":\"https:\\\/\\\/www.darlingrosesportugal.com\\\/#website\"},\"datePublished\":\"2022-07-22T16:31:35+00:00\",\"dateModified\":\"2025-04-06T22:20:46+00:00\",\"breadcrumb\":{\"@id\":\"https:\\\/\\\/www.darlingrosesportugal.com\\\/politica-de-privacidad\\\/#breadcrumb\"},\"inLanguage\":\"en-GB\",\"potentialAction\":[{\"@type\":\"ReadAction\",\"target\":[\"https:\\\/\\\/www.darlingrosesportugal.com\\\/politica-de-privacidad\\\/\"]}]},{\"@type\":\"BreadcrumbList\",\"@id\":\"https:\\\/\\\/www.darlingrosesportugal.com\\\/politica-de-privacidad\\\/#breadcrumb\",\"itemListElement\":[{\"@type\":\"ListItem\",\"position\":1,\"name\":\"Inicio\",\"item\":\"https:\\\/\\\/www.darlingrosesportugal.com\\\/\"},{\"@type\":\"ListItem\",\"position\":2,\"name\":\"POL\u00cdTICA DE PRIVACIDAD\"}]},{\"@type\":\"WebSite\",\"@id\":\"https:\\\/\\\/www.darlingrosesportugal.com\\\/#website\",\"url\":\"https:\\\/\\\/www.darlingrosesportugal.com\\\/\",\"name\":\"Darling Roses Portugal\",\"description\":\"Florista online de Rosas Preservadas em Portugal\",\"publisher\":{\"@id\":\"https:\\\/\\\/www.darlingrosesportugal.com\\\/#organization\"},\"alternateName\":\"Floristeria Online Rosas Preservadas Sevilla\",\"potentialAction\":[{\"@type\":\"SearchAction\",\"target\":{\"@type\":\"EntryPoint\",\"urlTemplate\":\"https:\\\/\\\/www.darlingrosesportugal.com\\\/?s={search_term_string}\"},\"query-input\":{\"@type\":\"PropertyValueSpecification\",\"valueRequired\":true,\"valueName\":\"search_term_string\"}}],\"inLanguage\":\"en-GB\"},{\"@type\":\"Organization\",\"@id\":\"https:\\\/\\\/www.darlingrosesportugal.com\\\/#organization\",\"name\":\"Darling Roses\",\"alternateName\":\"Floristeria Online Rosas Preservadas Sevilla\",\"url\":\"https:\\\/\\\/www.darlingrosesportugal.com\\\/\",\"logo\":{\"@type\":\"ImageObject\",\"inLanguage\":\"en-GB\",\"@id\":\"https:\\\/\\\/www.darlingrosesportugal.com\\\/#\\\/schema\\\/logo\\\/image\\\/\",\"url\":\"https:\\\/\\\/www.darlingrosesportugal.com\\\/wp-content\\\/uploads\\\/2022\\\/09\\\/darlingroses-small.png\",\"contentUrl\":\"https:\\\/\\\/www.darlingrosesportugal.com\\\/wp-content\\\/uploads\\\/2022\\\/09\\\/darlingroses-small.png\",\"width\":312,\"height\":282,\"caption\":\"Darling Roses\"},\"image\":{\"@id\":\"https:\\\/\\\/www.darlingrosesportugal.com\\\/#\\\/schema\\\/logo\\\/image\\\/\"},\"sameAs\":[\"https:\\\/\\\/www.facebook.com\\\/profile.php?id=100086260200492\",\"https:\\\/\\\/x.com\\\/Darling_Roses_\"]}]}<\/script>\n<!-- \/ Yoast SEO plugin. -->","yoast_head_json":{"title":"POL\u00cdTICA DE PRIVACIDAD - Darling Roses Portugal","robots":{"index":"index","follow":"follow","max-snippet":"max-snippet:-1","max-image-preview":"max-image-preview:large","max-video-preview":"max-video-preview:-1"},"canonical":"https:\/\/www.darlingrosesportugal.com\/en\/politica-de-privacidad\/","og_locale":"en_GB","og_type":"article","og_title":"POL\u00cdTICA DE PRIVACIDAD - Darling Roses Portugal","og_description":"\u00a0 POL\u00cdTICA DE PRIVACIDADE 1. INFORMA\u00c7\u00c3O AO UTILIZADOR Quem \u00e9 o respons\u00e1vel pelo tratamento dos seus dados pessoais?A Darling Roses \u00e9 a RESPONS\u00c1VEL pelo tratamento dos dados pessoais do UTILIZADOR e informa que esses dados ser\u00e3o tratados em conformidade com o disposto no Regulamento (UE) 2016\/679, de 27 de abril. Para que tratamos os seus [&hellip;]","og_url":"https:\/\/www.darlingrosesportugal.com\/en\/politica-de-privacidad\/","og_site_name":"Darling Roses Portugal","article_publisher":"https:\/\/www.facebook.com\/profile.php?id=100086260200492","article_modified_time":"2025-04-06T22:20:46+00:00","twitter_card":"summary_large_image","twitter_site":"@Darling_Roses_","twitter_misc":{"Estimated reading time":"4 minutes"},"schema":{"@context":"https:\/\/schema.org","@graph":[{"@type":"WebPage","@id":"https:\/\/www.darlingrosesportugal.com\/politica-de-privacidad\/","url":"https:\/\/www.darlingrosesportugal.com\/politica-de-privacidad\/","name":"POL\u00cdTICA DE PRIVACIDAD - Darling Roses Portugal","isPartOf":{"@id":"https:\/\/www.darlingrosesportugal.com\/#website"},"datePublished":"2022-07-22T16:31:35+00:00","dateModified":"2025-04-06T22:20:46+00:00","breadcrumb":{"@id":"https:\/\/www.darlingrosesportugal.com\/politica-de-privacidad\/#breadcrumb"},"inLanguage":"en-GB","potentialAction":[{"@type":"ReadAction","target":["https:\/\/www.darlingrosesportugal.com\/politica-de-privacidad\/"]}]},{"@type":"BreadcrumbList","@id":"https:\/\/www.darlingrosesportugal.com\/politica-de-privacidad\/#breadcrumb","itemListElement":[{"@type":"ListItem","position":1,"name":"Inicio","item":"https:\/\/www.darlingrosesportugal.com\/"},{"@type":"ListItem","position":2,"name":"POL\u00cdTICA DE PRIVACIDAD"}]},{"@type":"WebSite","@id":"https:\/\/www.darlingrosesportugal.com\/#website","url":"https:\/\/www.darlingrosesportugal.com\/","name":"Darling Roses Portugal","description":"Online florist for preserved roses in Portugal","publisher":{"@id":"https:\/\/www.darlingrosesportugal.com\/#organization"},"alternateName":"Floristeria Online Rosas Preservadas Sevilla","potentialAction":[{"@type":"SearchAction","target":{"@type":"EntryPoint","urlTemplate":"https:\/\/www.darlingrosesportugal.com\/?s={search_term_string}"},"query-input":{"@type":"PropertyValueSpecification","valueRequired":true,"valueName":"search_term_string"}}],"inLanguage":"en-GB"},{"@type":"Organization","@id":"https:\/\/www.darlingrosesportugal.com\/#organization","name":"Darling Roses","alternateName":"Floristeria Online Rosas Preservadas Sevilla","url":"https:\/\/www.darlingrosesportugal.com\/","logo":{"@type":"ImageObject","inLanguage":"en-GB","@id":"https:\/\/www.darlingrosesportugal.com\/#\/schema\/logo\/image\/","url":"https:\/\/www.darlingrosesportugal.com\/wp-content\/uploads\/2022\/09\/darlingroses-small.png","contentUrl":"https:\/\/www.darlingrosesportugal.com\/wp-content\/uploads\/2022\/09\/darlingroses-small.png","width":312,"height":282,"caption":"Darling Roses"},"image":{"@id":"https:\/\/www.darlingrosesportugal.com\/#\/schema\/logo\/image\/"},"sameAs":["https:\/\/www.facebook.com\/profile.php?id=100086260200492","https:\/\/x.com\/Darling_Roses_"]}]}},"uagb_featured_image_src":{"full":false,"thumbnail":false,"medium":false,"medium_large":false,"large":false,"1536x1536":false,"2048x2048":false,"trp-custom-language-flag":false,"woocommerce_thumbnail":false,"woocommerce_single":false,"woocommerce_gallery_thumbnail":false},"uagb_author_info":{"display_name":"admin","author_link":"https:\/\/www.darlingrosesportugal.com\/en\/author\/admin\/"},"uagb_comment_info":0,"uagb_excerpt":"\u00a0 POL\u00cdTICA DE PRIVACIDADE 1. INFORMA\u00c7\u00c3O AO UTILIZADOR Quem \u00e9 o respons\u00e1vel pelo tratamento dos seus dados pessoais?A Darling Roses \u00e9 a RESPONS\u00c1VEL pelo tratamento dos dados pessoais do UTILIZADOR e informa que esses dados ser\u00e3o tratados em conformidade com o disposto no Regulamento (UE) 2016\/679, de 27 de abril. Para que tratamos os seus&hellip;","jetpack_sharing_enabled":true,"_links":{"self":[{"href":"https:\/\/www.darlingrosesportugal.com\/en\/wp-json\/wp\/v2\/pages\/19","targetHints":{"allow":["GET"]}}],"collection":[{"href":"https:\/\/www.darlingrosesportugal.com\/en\/wp-json\/wp\/v2\/pages"}],"about":[{"href":"https:\/\/www.darlingrosesportugal.com\/en\/wp-json\/wp\/v2\/types\/page"}],"author":[{"embeddable":true,"href":"https:\/\/www.darlingrosesportugal.com\/en\/wp-json\/wp\/v2\/users\/1"}],"replies":[{"embeddable":true,"href":"https:\/\/www.darlingrosesportugal.com\/en\/wp-json\/wp\/v2\/comments?post=19"}],"version-history":[{"count":17,"href":"https:\/\/www.darlingrosesportugal.com\/en\/wp-json\/wp\/v2\/pages\/19\/revisions"}],"predecessor-version":[{"id":6748,"href":"https:\/\/www.darlingrosesportugal.com\/en\/wp-json\/wp\/v2\/pages\/19\/revisions\/6748"}],"wp:attachment":[{"href":"https:\/\/www.darlingrosesportugal.com\/en\/wp-json\/wp\/v2\/media?parent=19"}],"curies":[{"name":"wp","href":"https:\/\/api.w.org\/{rel}","templated":true}]}}