{"id":2,"date":"2022-07-21T15:51:00","date_gmt":"2022-07-21T15:51:00","guid":{"rendered":"https:\/\/darlingroses.com\/?page_id=2"},"modified":"2025-04-06T22:00:53","modified_gmt":"2025-04-06T22:00:53","slug":"politica_de_cookies","status":"publish","type":"page","link":"https:\/\/www.darlingrosesportugal.com\/en\/politica_de_cookies\/","title":{"rendered":"Pol\u00edtica de cookies"},"content":{"rendered":"<div data-elementor-type=\"wp-page\" data-elementor-id=\"2\" class=\"elementor elementor-2\" data-elementor-post-type=\"page\">\n\t\t\t\t\t\t<section class=\"elementor-section elementor-top-section elementor-element elementor-element-7059b9a8 elementor-section-boxed elementor-section-height-default elementor-section-height-default\" data-id=\"7059b9a8\" data-element_type=\"section\" data-e-type=\"section\">\n\t\t\t\t\t\t<div class=\"elementor-container elementor-column-gap-default\">\n\t\t\t\t\t<div class=\"elementor-column elementor-col-100 elementor-top-column elementor-element elementor-element-6507c1b5\" data-id=\"6507c1b5\" data-element_type=\"column\" data-e-type=\"column\">\n\t\t\t<div class=\"elementor-widget-wrap elementor-element-populated\">\n\t\t\t\t\t\t<div class=\"elementor-element elementor-element-761d33c6 elementor-widget elementor-widget-text-editor\" data-id=\"761d33c6\" data-element_type=\"widget\" data-e-type=\"widget\" data-widget_type=\"text-editor.default\">\n\t\t\t\t<div class=\"elementor-widget-container\">\n\t\t\t\t\t\t\t\t\t<p class=\"\" data-start=\"107\" data-end=\"375\"><strong data-start=\"107\" data-end=\"212\">De acordo com o Regulamento (UE) 2016\/679 do Parlamento Europeu e do Conselho, de 27 de abril de 2016<\/strong>, \u00e9 obrigat\u00f3rio obter o consentimento expresso do utilizador de todas as p\u00e1ginas web que utilizam cookies n\u00e3o essenciais, antes que este comece a navegar por elas.<\/p>\n<h3 class=\"\" data-start=\"377\" data-end=\"399\">O QUE S\u00c3O COOKIES?<\/h3>\n<p class=\"\" data-start=\"401\" data-end=\"672\">Os cookies e outras tecnologias semelhantes, como objetos partilhados locais, cookies flash ou pixels, s\u00e3o ferramentas utilizadas pelos servidores Web para armazenar e recuperar informa\u00e7\u00f5es sobre os seus visitantes, bem como para garantir o correto funcionamento do site.<\/p>\n<p class=\"\" data-start=\"674\" data-end=\"911\">Atrav\u00e9s do uso destes dispositivos, o servidor Web pode recordar certos dados relativos ao utilizador, como as suas prefer\u00eancias de visualiza\u00e7\u00e3o das p\u00e1ginas desse servidor, nome e palavra-passe, produtos de maior interesse, entre outros.<\/p>\n<h3 class=\"\" data-start=\"913\" data-end=\"970\">COOKIES ABRANGIDAS PELA NORMATIVA E COOKIES EXCLU\u00cdDAS<\/h3>\n<p class=\"\" data-start=\"972\" data-end=\"1294\">De acordo com a diretiva da UE, as cookies que requerem o consentimento informado do utilizador s\u00e3o as cookies anal\u00edticas, de publicidade e de afiliados, ficando exclu\u00eddas as cookies de car\u00e1ter t\u00e9cnico e as necess\u00e1rias para o funcionamento do site ou para a presta\u00e7\u00e3o de servi\u00e7os expressamente solicitados pelo utilizador.<\/p>\n<h3 class=\"\" data-start=\"1296\" data-end=\"1316\">TIPOS DE COOKIES<\/h3>\n<h4 class=\"\" data-start=\"1318\" data-end=\"1343\">SEGUNDO A FINALIDADE<\/h4>\n<ul data-start=\"1345\" data-end=\"2902\">\n<li class=\"\" data-start=\"1345\" data-end=\"1517\">\n<p class=\"\" data-start=\"1347\" data-end=\"1517\"><strong data-start=\"1347\" data-end=\"1380\">Cookies t\u00e9cnicas e funcionais<\/strong>: permitem ao utilizador navegar por uma p\u00e1gina web, plataforma ou aplica\u00e7\u00e3o e utilizar as diferentes op\u00e7\u00f5es ou servi\u00e7os nela existentes.<\/p>\n<\/li>\n<li class=\"\" data-start=\"1518\" data-end=\"1878\">\n<p class=\"\" data-start=\"1520\" data-end=\"1878\"><strong data-start=\"1520\" data-end=\"1542\">Cookies anal\u00edticas<\/strong>: permitem ao respons\u00e1vel monitorizar e analisar o comportamento dos utilizadores dos sites aos quais est\u00e3o vinculadas. As informa\u00e7\u00f5es recolhidas s\u00e3o utilizadas para medir a atividade do site, aplica\u00e7\u00e3o ou plataforma e para elaborar perfis de navega\u00e7\u00e3o com o objetivo de introduzir melhorias baseadas na an\u00e1lise dos dados de utiliza\u00e7\u00e3o.<\/p>\n<\/li>\n<li class=\"\" data-start=\"1879\" data-end=\"2122\">\n<p class=\"\" data-start=\"1881\" data-end=\"2122\"><strong data-start=\"1881\" data-end=\"1906\">Cookies publicit\u00e1rias<\/strong>: permitem a gest\u00e3o mais eficiente poss\u00edvel dos espa\u00e7os publicit\u00e1rios inclu\u00eddos, quando aplic\u00e1vel, numa p\u00e1gina web, aplica\u00e7\u00e3o ou plataforma, com base em crit\u00e9rios como o conte\u00fado editado ou a frequ\u00eancia dos an\u00fancios.<\/p>\n<\/li>\n<li class=\"\" data-start=\"2123\" data-end=\"2313\">\n<p class=\"\" data-start=\"2125\" data-end=\"2313\"><strong data-start=\"2125\" data-end=\"2166\">Cookies de publicidade comportamental<\/strong>: recolhem informa\u00e7\u00f5es sobre as prefer\u00eancias e escolhas pessoais do utilizador (retargeting), permitindo a gest\u00e3o eficaz dos espa\u00e7os publicit\u00e1rios.<\/p>\n<\/li>\n<li class=\"\" data-start=\"2314\" data-end=\"2594\">\n<p class=\"\" data-start=\"2316\" data-end=\"2594\"><strong data-start=\"2316\" data-end=\"2335\">Cookies sociais<\/strong>: s\u00e3o definidas por plataformas de redes sociais para permitir que o utilizador partilhe conte\u00fado com amigos e redes. Estas plataformas podem rastrear a atividade online fora dos seus servi\u00e7os, o que pode afetar o conte\u00fado e as mensagens vistas noutros sites.<\/p>\n<\/li>\n<li class=\"\" data-start=\"2595\" data-end=\"2755\">\n<p class=\"\" data-start=\"2597\" data-end=\"2755\"><strong data-start=\"2597\" data-end=\"2621\">Cookies de afiliados<\/strong>: permitem rastrear visitas provenientes de outros sites com os quais o site estabelece um contrato de afilia\u00e7\u00e3o (empresas afiliadas).<\/p>\n<\/li>\n<li class=\"\" data-start=\"2756\" data-end=\"2902\">\n<p class=\"\" data-start=\"2758\" data-end=\"2902\"><strong data-start=\"2758\" data-end=\"2782\">Cookies de seguran\u00e7a<\/strong>: armazenam informa\u00e7\u00f5es cifradas para evitar que os dados guardados sejam vulner\u00e1veis a ataques maliciosos de terceiros.<\/p>\n<\/li>\n<\/ul>\n<h4 class=\"\" data-start=\"2904\" data-end=\"2930\">SEGUNDO A PROPRIEDADE<\/h4>\n<ul data-start=\"2932\" data-end=\"3311\">\n<li class=\"\" data-start=\"2932\" data-end=\"3110\">\n<p class=\"\" data-start=\"2934\" data-end=\"3110\"><strong data-start=\"2934\" data-end=\"2954\">Cookies pr\u00f3prias<\/strong>: s\u00e3o enviadas para o dispositivo do utilizador a partir de um dom\u00ednio gerido pelo pr\u00f3prio editor do site e a partir do qual se presta o servi\u00e7o solicitado.<\/p>\n<\/li>\n<li class=\"\" data-start=\"3111\" data-end=\"3311\">\n<p class=\"\" data-start=\"3113\" data-end=\"3311\"><strong data-start=\"3113\" data-end=\"3137\">Cookies de terceiros<\/strong>: s\u00e3o enviadas para o dispositivo do utilizador a partir de um dom\u00ednio que n\u00e3o \u00e9 gerido pelo editor, mas por outra entidade que trata os dados recolhidos atrav\u00e9s das cookies.<\/p>\n<\/li>\n<\/ul>\n<h4 class=\"\" data-start=\"3313\" data-end=\"3348\">SEGUNDO O PRAZO DE CONSERVA\u00c7\u00c3O<\/h4>\n<ul data-start=\"3350\" data-end=\"3644\">\n<li class=\"\" data-start=\"3350\" data-end=\"3467\">\n<p class=\"\" data-start=\"3352\" data-end=\"3467\"><strong data-start=\"3352\" data-end=\"3373\">Cookies de sess\u00e3o<\/strong>: s\u00e3o concebidas para recolher e armazenar dados enquanto o utilizador acede a uma p\u00e1gina web.<\/p>\n<\/li>\n<li class=\"\" data-start=\"3468\" data-end=\"3644\">\n<p class=\"\" data-start=\"3470\" data-end=\"3644\"><strong data-start=\"3470\" data-end=\"3494\">Cookies persistentes<\/strong>: armazenam dados no dispositivo do utilizador por um per\u00edodo definido pelo respons\u00e1vel da cookie, que pode variar entre alguns minutos e v\u00e1rios anos.<\/p>\n<\/li>\n<\/ul>\n<h3 class=\"\" data-start=\"3646\" data-end=\"3678\">TRATAMENTO DE DADOS PESSOAIS<\/h3>\n<p class=\"\" data-start=\"3680\" data-end=\"3970\">A <strong data-start=\"3682\" data-end=\"3699\">Darling Roses<\/strong> \u00e9 a Respons\u00e1vel pelo tratamento dos dados pessoais do Titular dos Dados e informa que esses dados ser\u00e3o tratados em conformidade com o disposto no <strong data-start=\"3847\" data-end=\"3900\">Regulamento (UE) 2016\/679, de 27 de abril de 2016<\/strong>, pelo que s\u00e3o fornecidas as seguintes informa\u00e7\u00f5es sobre o tratamento:<\/p>\n<ul data-start=\"3972\" data-end=\"4231\">\n<li class=\"\" data-start=\"3972\" data-end=\"4078\">\n<p class=\"\" data-start=\"3974\" data-end=\"4078\"><strong data-start=\"3974\" data-end=\"4002\">Finalidade do tratamento<\/strong>: conforme especificado na sec\u00e7\u00e3o relativa \u00e0s cookies utilizadas neste site.<\/p>\n<\/li>\n<li class=\"\" data-start=\"4079\" data-end=\"4231\">\n<p class=\"\" data-start=\"4081\" data-end=\"4231\"><strong data-start=\"4081\" data-end=\"4113\">Base legal para o tratamento<\/strong>: salvo nos casos em que seja necess\u00e1rio para a navega\u00e7\u00e3o no site, com base no <strong data-start=\"4192\" data-end=\"4230\">consentimento do titular dos dados<\/strong>.<\/p>\n<\/li>\n<\/ul>\n<p><!-- \/wp:paragraph --><!-- wp:table --><\/p>\n<p><!-- \/wp:table --><!-- wp:table --><\/p>\n<p><!-- \/wp:table --><!-- wp:table --><\/p>\n<p><!-- \/wp:table --><!-- wp:table --><\/p>\n<figure class=\"wp-block-table\"><\/figure>\n<p><!-- \/wp:table --><!-- wp:paragraph --><\/p>\n<p><!-- \/wp:paragraph --><\/p>\t\t\t\t\t\t\t\t<\/div>\n\t\t\t\t<\/div>\n\t\t\t\t\t<\/div>\n\t\t<\/div>\n\t\t\t\t\t<\/div>\n\t\t<\/section>\n\t\t\t\t<\/div>","protected":false},"excerpt":{"rendered":"<p>De acordo com o Regulamento (UE) 2016\/679 do Parlamento Europeu e do Conselho, de 27 de abril de 2016, \u00e9 obrigat\u00f3rio obter o consentimento expresso do utilizador de todas as p\u00e1ginas web que utilizam cookies n\u00e3o essenciais, antes que este comece a navegar por elas. O QUE S\u00c3O COOKIES? Os cookies e outras tecnologias semelhantes, [&hellip;]<\/p>\n","protected":false},"author":1,"featured_media":0,"parent":0,"menu_order":0,"comment_status":"closed","ping_status":"closed","template":"elementor_theme","meta":{"_eb_attr":"","_uag_custom_page_level_css":"","site-sidebar-layout":"default","site-content-layout":"","ast-site-content-layout":"default","site-content-style":"default","site-sidebar-style":"default","ast-global-header-display":"","ast-banner-title-visibility":"","ast-main-header-display":"","ast-hfb-above-header-display":"","ast-hfb-below-header-display":"","ast-hfb-mobile-header-display":"","site-post-title":"","ast-breadcrumbs-content":"","ast-featured-img":"","footer-sml-layout":"","ast-disable-related-posts":"","theme-transparent-header-meta":"","adv-header-id-meta":"","stick-header-meta":"","header-above-stick-meta":"","header-main-stick-meta":"","header-below-stick-meta":"","astra-migrate-meta-layouts":"default","ast-page-background-enabled":"default","ast-page-background-meta":{"desktop":{"background-color":"var(--ast-global-color-4)","background-image":"","background-repeat":"repeat","background-position":"center center","background-size":"auto","background-attachment":"scroll","background-type":"","background-media":"","overlay-type":"","overlay-color":"","overlay-opacity":"","overlay-gradient":""},"tablet":{"background-color":"","background-image":"","background-repeat":"repeat","background-position":"center center","background-size":"auto","background-attachment":"scroll","background-type":"","background-media":"","overlay-type":"","overlay-color":"","overlay-opacity":"","overlay-gradient":""},"mobile":{"background-color":"","background-image":"","background-repeat":"repeat","background-position":"center center","background-size":"auto","background-attachment":"scroll","background-type":"","background-media":"","overlay-type":"","overlay-color":"","overlay-opacity":"","overlay-gradient":""}},"ast-content-background-meta":{"desktop":{"background-color":"var(--ast-global-color-5)","background-image":"","background-repeat":"repeat","background-position":"center center","background-size":"auto","background-attachment":"scroll","background-type":"","background-media":"","overlay-type":"","overlay-color":"","overlay-opacity":"","overlay-gradient":""},"tablet":{"background-color":"var(--ast-global-color-5)","background-image":"","background-repeat":"repeat","background-position":"center center","background-size":"auto","background-attachment":"scroll","background-type":"","background-media":"","overlay-type":"","overlay-color":"","overlay-opacity":"","overlay-gradient":""},"mobile":{"background-color":"var(--ast-global-color-5)","background-image":"","background-repeat":"repeat","background-position":"center center","background-size":"auto","background-attachment":"scroll","background-type":"","background-media":"","overlay-type":"","overlay-color":"","overlay-opacity":"","overlay-gradient":""}},"footnotes":""},"class_list":["post-2","page","type-page","status-publish","hentry"],"yoast_head":"<!-- This site is optimized with the Yoast SEO plugin v27.4 - https:\/\/yoast.com\/product\/yoast-seo-wordpress\/ -->\n<title>Pol\u00edtica de cookies - Darling Roses Portugal<\/title>\n<meta name=\"robots\" content=\"index, follow, max-snippet:-1, max-image-preview:large, max-video-preview:-1\" \/>\n<link rel=\"canonical\" href=\"https:\/\/www.darlingrosesportugal.com\/en\/politica_de_cookies\/\" \/>\n<meta property=\"og:locale\" content=\"en_GB\" \/>\n<meta property=\"og:type\" content=\"article\" \/>\n<meta property=\"og:title\" content=\"Pol\u00edtica de cookies - Darling Roses Portugal\" \/>\n<meta property=\"og:description\" content=\"De acordo com o Regulamento (UE) 2016\/679 do Parlamento Europeu e do Conselho, de 27 de abril de 2016, \u00e9 obrigat\u00f3rio obter o consentimento expresso do utilizador de todas as p\u00e1ginas web que utilizam cookies n\u00e3o essenciais, antes que este comece a navegar por elas. O QUE S\u00c3O COOKIES? Os cookies e outras tecnologias semelhantes, [&hellip;]\" \/>\n<meta property=\"og:url\" content=\"https:\/\/www.darlingrosesportugal.com\/en\/politica_de_cookies\/\" \/>\n<meta property=\"og:site_name\" content=\"Darling Roses Portugal\" \/>\n<meta property=\"article:publisher\" content=\"https:\/\/www.facebook.com\/profile.php?id=100086260200492\" \/>\n<meta property=\"article:modified_time\" content=\"2025-04-06T22:00:53+00:00\" \/>\n<meta name=\"twitter:card\" content=\"summary_large_image\" \/>\n<meta name=\"twitter:site\" content=\"@Darling_Roses_\" \/>\n<meta name=\"twitter:label1\" content=\"Estimated reading time\" \/>\n\t<meta name=\"twitter:data1\" content=\"4 minutes\" \/>\n<script type=\"application\/ld+json\" class=\"yoast-schema-graph\">{\"@context\":\"https:\\\/\\\/schema.org\",\"@graph\":[{\"@type\":\"WebPage\",\"@id\":\"https:\\\/\\\/www.darlingrosesportugal.com\\\/politica_de_cookies\\\/\",\"url\":\"https:\\\/\\\/www.darlingrosesportugal.com\\\/politica_de_cookies\\\/\",\"name\":\"Pol\u00edtica de cookies - Darling Roses Portugal\",\"isPartOf\":{\"@id\":\"https:\\\/\\\/www.darlingrosesportugal.com\\\/#website\"},\"datePublished\":\"2022-07-21T15:51:00+00:00\",\"dateModified\":\"2025-04-06T22:00:53+00:00\",\"breadcrumb\":{\"@id\":\"https:\\\/\\\/www.darlingrosesportugal.com\\\/politica_de_cookies\\\/#breadcrumb\"},\"inLanguage\":\"en-GB\",\"potentialAction\":[{\"@type\":\"ReadAction\",\"target\":[\"https:\\\/\\\/www.darlingrosesportugal.com\\\/politica_de_cookies\\\/\"]}]},{\"@type\":\"BreadcrumbList\",\"@id\":\"https:\\\/\\\/www.darlingrosesportugal.com\\\/politica_de_cookies\\\/#breadcrumb\",\"itemListElement\":[{\"@type\":\"ListItem\",\"position\":1,\"name\":\"Inicio\",\"item\":\"https:\\\/\\\/www.darlingrosesportugal.com\\\/\"},{\"@type\":\"ListItem\",\"position\":2,\"name\":\"Pol\u00edtica de cookies\"}]},{\"@type\":\"WebSite\",\"@id\":\"https:\\\/\\\/www.darlingrosesportugal.com\\\/#website\",\"url\":\"https:\\\/\\\/www.darlingrosesportugal.com\\\/\",\"name\":\"Darling Roses Portugal\",\"description\":\"Florista online de Rosas Preservadas em Portugal\",\"publisher\":{\"@id\":\"https:\\\/\\\/www.darlingrosesportugal.com\\\/#organization\"},\"alternateName\":\"Floristeria Online Rosas Preservadas Sevilla\",\"potentialAction\":[{\"@type\":\"SearchAction\",\"target\":{\"@type\":\"EntryPoint\",\"urlTemplate\":\"https:\\\/\\\/www.darlingrosesportugal.com\\\/?s={search_term_string}\"},\"query-input\":{\"@type\":\"PropertyValueSpecification\",\"valueRequired\":true,\"valueName\":\"search_term_string\"}}],\"inLanguage\":\"en-GB\"},{\"@type\":\"Organization\",\"@id\":\"https:\\\/\\\/www.darlingrosesportugal.com\\\/#organization\",\"name\":\"Darling Roses\",\"alternateName\":\"Floristeria Online Rosas Preservadas Sevilla\",\"url\":\"https:\\\/\\\/www.darlingrosesportugal.com\\\/\",\"logo\":{\"@type\":\"ImageObject\",\"inLanguage\":\"en-GB\",\"@id\":\"https:\\\/\\\/www.darlingrosesportugal.com\\\/#\\\/schema\\\/logo\\\/image\\\/\",\"url\":\"https:\\\/\\\/www.darlingrosesportugal.com\\\/wp-content\\\/uploads\\\/2022\\\/09\\\/darlingroses-small.png\",\"contentUrl\":\"https:\\\/\\\/www.darlingrosesportugal.com\\\/wp-content\\\/uploads\\\/2022\\\/09\\\/darlingroses-small.png\",\"width\":312,\"height\":282,\"caption\":\"Darling Roses\"},\"image\":{\"@id\":\"https:\\\/\\\/www.darlingrosesportugal.com\\\/#\\\/schema\\\/logo\\\/image\\\/\"},\"sameAs\":[\"https:\\\/\\\/www.facebook.com\\\/profile.php?id=100086260200492\",\"https:\\\/\\\/x.com\\\/Darling_Roses_\"]}]}<\/script>\n<!-- \/ Yoast SEO plugin. -->","yoast_head_json":{"title":"Pol\u00edtica de cookies - Darling Roses Portugal","robots":{"index":"index","follow":"follow","max-snippet":"max-snippet:-1","max-image-preview":"max-image-preview:large","max-video-preview":"max-video-preview:-1"},"canonical":"https:\/\/www.darlingrosesportugal.com\/en\/politica_de_cookies\/","og_locale":"en_GB","og_type":"article","og_title":"Pol\u00edtica de cookies - Darling Roses Portugal","og_description":"De acordo com o Regulamento (UE) 2016\/679 do Parlamento Europeu e do Conselho, de 27 de abril de 2016, \u00e9 obrigat\u00f3rio obter o consentimento expresso do utilizador de todas as p\u00e1ginas web que utilizam cookies n\u00e3o essenciais, antes que este comece a navegar por elas. O QUE S\u00c3O COOKIES? Os cookies e outras tecnologias semelhantes, [&hellip;]","og_url":"https:\/\/www.darlingrosesportugal.com\/en\/politica_de_cookies\/","og_site_name":"Darling Roses Portugal","article_publisher":"https:\/\/www.facebook.com\/profile.php?id=100086260200492","article_modified_time":"2025-04-06T22:00:53+00:00","twitter_card":"summary_large_image","twitter_site":"@Darling_Roses_","twitter_misc":{"Estimated reading time":"4 minutes"},"schema":{"@context":"https:\/\/schema.org","@graph":[{"@type":"WebPage","@id":"https:\/\/www.darlingrosesportugal.com\/politica_de_cookies\/","url":"https:\/\/www.darlingrosesportugal.com\/politica_de_cookies\/","name":"Pol\u00edtica de cookies - Darling Roses Portugal","isPartOf":{"@id":"https:\/\/www.darlingrosesportugal.com\/#website"},"datePublished":"2022-07-21T15:51:00+00:00","dateModified":"2025-04-06T22:00:53+00:00","breadcrumb":{"@id":"https:\/\/www.darlingrosesportugal.com\/politica_de_cookies\/#breadcrumb"},"inLanguage":"en-GB","potentialAction":[{"@type":"ReadAction","target":["https:\/\/www.darlingrosesportugal.com\/politica_de_cookies\/"]}]},{"@type":"BreadcrumbList","@id":"https:\/\/www.darlingrosesportugal.com\/politica_de_cookies\/#breadcrumb","itemListElement":[{"@type":"ListItem","position":1,"name":"Inicio","item":"https:\/\/www.darlingrosesportugal.com\/"},{"@type":"ListItem","position":2,"name":"Pol\u00edtica de cookies"}]},{"@type":"WebSite","@id":"https:\/\/www.darlingrosesportugal.com\/#website","url":"https:\/\/www.darlingrosesportugal.com\/","name":"Darling Roses Portugal","description":"Online florist for preserved roses in Portugal","publisher":{"@id":"https:\/\/www.darlingrosesportugal.com\/#organization"},"alternateName":"Floristeria Online Rosas Preservadas Sevilla","potentialAction":[{"@type":"SearchAction","target":{"@type":"EntryPoint","urlTemplate":"https:\/\/www.darlingrosesportugal.com\/?s={search_term_string}"},"query-input":{"@type":"PropertyValueSpecification","valueRequired":true,"valueName":"search_term_string"}}],"inLanguage":"en-GB"},{"@type":"Organization","@id":"https:\/\/www.darlingrosesportugal.com\/#organization","name":"Darling Roses","alternateName":"Floristeria Online Rosas Preservadas Sevilla","url":"https:\/\/www.darlingrosesportugal.com\/","logo":{"@type":"ImageObject","inLanguage":"en-GB","@id":"https:\/\/www.darlingrosesportugal.com\/#\/schema\/logo\/image\/","url":"https:\/\/www.darlingrosesportugal.com\/wp-content\/uploads\/2022\/09\/darlingroses-small.png","contentUrl":"https:\/\/www.darlingrosesportugal.com\/wp-content\/uploads\/2022\/09\/darlingroses-small.png","width":312,"height":282,"caption":"Darling Roses"},"image":{"@id":"https:\/\/www.darlingrosesportugal.com\/#\/schema\/logo\/image\/"},"sameAs":["https:\/\/www.facebook.com\/profile.php?id=100086260200492","https:\/\/x.com\/Darling_Roses_"]}]}},"uagb_featured_image_src":{"full":false,"thumbnail":false,"medium":false,"medium_large":false,"large":false,"1536x1536":false,"2048x2048":false,"trp-custom-language-flag":false,"woocommerce_thumbnail":false,"woocommerce_single":false,"woocommerce_gallery_thumbnail":false},"uagb_author_info":{"display_name":"admin","author_link":"https:\/\/www.darlingrosesportugal.com\/en\/author\/admin\/"},"uagb_comment_info":0,"uagb_excerpt":"De acordo com o Regulamento (UE) 2016\/679 do Parlamento Europeu e do Conselho, de 27 de abril de 2016, \u00e9 obrigat\u00f3rio obter o consentimento expresso do utilizador de todas as p\u00e1ginas web que utilizam cookies n\u00e3o essenciais, antes que este comece a navegar por elas. O QUE S\u00c3O COOKIES? Os cookies e outras tecnologias semelhantes,&hellip;","jetpack_sharing_enabled":true,"_links":{"self":[{"href":"https:\/\/www.darlingrosesportugal.com\/en\/wp-json\/wp\/v2\/pages\/2","targetHints":{"allow":["GET"]}}],"collection":[{"href":"https:\/\/www.darlingrosesportugal.com\/en\/wp-json\/wp\/v2\/pages"}],"about":[{"href":"https:\/\/www.darlingrosesportugal.com\/en\/wp-json\/wp\/v2\/types\/page"}],"author":[{"embeddable":true,"href":"https:\/\/www.darlingrosesportugal.com\/en\/wp-json\/wp\/v2\/users\/1"}],"replies":[{"embeddable":true,"href":"https:\/\/www.darlingrosesportugal.com\/en\/wp-json\/wp\/v2\/comments?post=2"}],"version-history":[{"count":20,"href":"https:\/\/www.darlingrosesportugal.com\/en\/wp-json\/wp\/v2\/pages\/2\/revisions"}],"predecessor-version":[{"id":6745,"href":"https:\/\/www.darlingrosesportugal.com\/en\/wp-json\/wp\/v2\/pages\/2\/revisions\/6745"}],"wp:attachment":[{"href":"https:\/\/www.darlingrosesportugal.com\/en\/wp-json\/wp\/v2\/media?parent=2"}],"curies":[{"name":"wp","href":"https:\/\/api.w.org\/{rel}","templated":true}]}}