{"id":2987,"date":"2021-11-21T15:14:19","date_gmt":"2021-11-21T15:14:19","guid":{"rendered":"https:\/\/darlingroses.com\/about\/"},"modified":"2025-04-06T18:14:01","modified_gmt":"2025-04-06T18:14:01","slug":"sobre-nosotras-creacion-de-bouquets-de-rosas-preservadas","status":"publish","type":"page","link":"https:\/\/www.darlingrosesportugal.com\/en\/sobre-nosotras-creacion-de-bouquets-de-rosas-preservadas\/","title":{"rendered":"About"},"content":{"rendered":"<div data-elementor-type=\"wp-page\" data-elementor-id=\"2987\" class=\"elementor elementor-2987\" data-elementor-post-type=\"page\">\n\t\t\t\t\t\t<section class=\"elementor-section elementor-top-section elementor-element elementor-element-c8ddeb6 elementor-section-height-min-height elementor-section-boxed elementor-section-height-default elementor-section-items-middle\" data-id=\"c8ddeb6\" data-element_type=\"section\" data-e-type=\"section\" data-settings=\"{&quot;background_background&quot;:&quot;classic&quot;}\">\n\t\t\t\t\t\t\t<div class=\"elementor-background-overlay\"><\/div>\n\t\t\t\t\t\t\t<div class=\"elementor-container elementor-column-gap-default\">\n\t\t\t\t\t<div class=\"elementor-column elementor-col-100 elementor-top-column elementor-element elementor-element-6a5337e\" data-id=\"6a5337e\" data-element_type=\"column\" data-e-type=\"column\">\n\t\t\t<div class=\"elementor-widget-wrap elementor-element-populated\">\n\t\t\t\t\t\t<div class=\"elementor-element elementor-element-feefb6c elementor-widget elementor-widget-heading\" data-id=\"feefb6c\" data-element_type=\"widget\" data-e-type=\"widget\" data-widget_type=\"heading.default\">\n\t\t\t\t<div class=\"elementor-widget-container\">\n\t\t\t\t\t<h1 class=\"elementor-heading-title elementor-size-default\">About Us<\/h1>\t\t\t\t<\/div>\n\t\t\t\t<\/div>\n\t\t\t\t\t<\/div>\n\t\t<\/div>\n\t\t\t\t\t<\/div>\n\t\t<\/section>\n\t\t\t\t<section class=\"elementor-section elementor-top-section elementor-element elementor-element-8890f96 elementor-section-boxed elementor-section-height-default elementor-section-height-default\" data-id=\"8890f96\" data-element_type=\"section\" data-e-type=\"section\" data-settings=\"{&quot;background_background&quot;:&quot;classic&quot;}\">\n\t\t\t\t\t\t\t<div class=\"elementor-background-overlay\"><\/div>\n\t\t\t\t\t\t\t<div class=\"elementor-container elementor-column-gap-default\">\n\t\t\t\t\t<div class=\"elementor-column elementor-col-50 elementor-top-column elementor-element elementor-element-3ff74b7\" data-id=\"3ff74b7\" data-element_type=\"column\" data-e-type=\"column\">\n\t\t\t<div class=\"elementor-widget-wrap elementor-element-populated\">\n\t\t\t\t\t\t<div class=\"elementor-element elementor-element-2ff0116 elementor-widget elementor-widget-image\" data-id=\"2ff0116\" data-element_type=\"widget\" data-e-type=\"widget\" data-widget_type=\"image.default\">\n\t\t\t\t<div class=\"elementor-widget-container\">\n\t\t\t\t\t\t\t\t\t\t\t\t\t\t\t<img fetchpriority=\"high\" decoding=\"async\" width=\"768\" height=\"768\" src=\"https:\/\/www.darlingrosesportugal.com\/wp-content\/uploads\/2025\/04\/Darlingrosesportugal_logo2-768x768.webp\" class=\"attachment-medium_large size-medium_large wp-image-6660\" alt=\"logo Darling Roses Portugal\" srcset=\"https:\/\/www.darlingrosesportugal.com\/wp-content\/uploads\/2025\/04\/Darlingrosesportugal_logo2-768x768.webp 768w, https:\/\/www.darlingrosesportugal.com\/wp-content\/uploads\/2025\/04\/Darlingrosesportugal_logo2-300x300.webp 300w, https:\/\/www.darlingrosesportugal.com\/wp-content\/uploads\/2025\/04\/Darlingrosesportugal_logo2-150x150.webp 150w, https:\/\/www.darlingrosesportugal.com\/wp-content\/uploads\/2025\/04\/Darlingrosesportugal_logo2-12x12.webp 12w, https:\/\/www.darlingrosesportugal.com\/wp-content\/uploads\/2025\/04\/Darlingrosesportugal_logo2-600x600.webp 600w, https:\/\/www.darlingrosesportugal.com\/wp-content\/uploads\/2025\/04\/Darlingrosesportugal_logo2-100x100.webp 100w, https:\/\/www.darlingrosesportugal.com\/wp-content\/uploads\/2025\/04\/Darlingrosesportugal_logo2.webp 1024w\" sizes=\"(max-width: 768px) 100vw, 768px\" \/>\t\t\t\t\t\t\t\t\t\t\t\t\t\t\t<\/div>\n\t\t\t\t<\/div>\n\t\t\t\t\t<\/div>\n\t\t<\/div>\n\t\t\t\t<div class=\"elementor-column elementor-col-50 elementor-top-column elementor-element elementor-element-d43fa06\" data-id=\"d43fa06\" data-element_type=\"column\" data-e-type=\"column\">\n\t\t\t<div class=\"elementor-widget-wrap elementor-element-populated\">\n\t\t\t\t\t\t<div class=\"elementor-element elementor-element-ab2d0f7 elementor-widget elementor-widget-text-editor\" data-id=\"ab2d0f7\" data-element_type=\"widget\" data-e-type=\"widget\" data-widget_type=\"text-editor.default\">\n\t\t\t\t<div class=\"elementor-widget-container\">\n\t\t\t\t\t\t\t\t\t<p class=\"\" data-start=\"64\" data-end=\"408\">Ol\u00e1, somos duas amantes de flores e decora\u00e7\u00e3o. Come\u00e7\u00e1mos h\u00e1 muito tempo a criar arranjos para as nossas casas, para amigos e, ocasionalmente, como presente. Enquanto os nossos filhos eram pequenos, est\u00e1vamos muito ocupadas com eles, mas agora que j\u00e1 cresceram, temos muito mais tempo livre para nos dedicarmos ao que mais gostamos: as flores.<\/p><p class=\"\" data-start=\"410\" data-end=\"605\">Adoramos criatividade e personaliza\u00e7\u00e3o, por isso procur\u00e1vamos oferecer algo especial \u2014 como as rosas preservadas. Queremos que cada centro seja diferente e \u00fanico, tal como \u00fanicos s\u00e3o os afetos.<\/p><p class=\"\" data-start=\"607\" data-end=\"776\">Os nossos bouquets s\u00e3o desenhados e criados com carinho e delicadeza, montados \u00e0 m\u00e3o, rosa a rosa. S\u00e3o um presente delicado e elegante, ideal para expressar sentimentos.<\/p><p class=\"\" data-start=\"778\" data-end=\"802\"><strong data-start=\"778\" data-end=\"802\">Equipa Darling Roses<\/strong><\/p>\t\t\t\t\t\t\t\t<\/div>\n\t\t\t\t<\/div>\n\t\t\t\t\t<\/div>\n\t\t<\/div>\n\t\t\t\t\t<\/div>\n\t\t<\/section>\n\t\t\t\t<section class=\"elementor-section elementor-top-section elementor-element elementor-element-e889fc3 elementor-section-boxed elementor-section-height-default elementor-section-height-default\" data-id=\"e889fc3\" data-element_type=\"section\" data-e-type=\"section\" data-settings=\"{&quot;background_background&quot;:&quot;classic&quot;}\">\n\t\t\t\t\t\t<div class=\"elementor-container elementor-column-gap-default\">\n\t\t\t\t\t<div class=\"elementor-column elementor-col-33 elementor-top-column elementor-element elementor-element-3c8f4a8\" data-id=\"3c8f4a8\" data-element_type=\"column\" data-e-type=\"column\">\n\t\t\t<div class=\"elementor-widget-wrap elementor-element-populated\">\n\t\t\t\t\t\t<div class=\"elementor-element elementor-element-80af78b elementor-widget elementor-widget-image\" data-id=\"80af78b\" data-element_type=\"widget\" data-e-type=\"widget\" data-widget_type=\"image.default\">\n\t\t\t\t<div class=\"elementor-widget-container\">\n\t\t\t\t\t\t\t\t\t\t\t\t\t\t\t<img decoding=\"async\" width=\"200\" height=\"300\" src=\"https:\/\/www.darlingrosesportugal.com\/wp-content\/uploads\/2022\/04\/DSF8122-200x300.jpg\" class=\"attachment-medium size-medium wp-image-4095\" alt=\"\" srcset=\"https:\/\/www.darlingrosesportugal.com\/wp-content\/uploads\/2022\/04\/DSF8122-200x300.jpg 200w, https:\/\/www.darlingrosesportugal.com\/wp-content\/uploads\/2022\/04\/DSF8122-8x12.jpg 8w, https:\/\/www.darlingrosesportugal.com\/wp-content\/uploads\/2022\/04\/DSF8122-600x900.jpg 600w, https:\/\/www.darlingrosesportugal.com\/wp-content\/uploads\/2022\/04\/DSF8122.jpg 667w\" sizes=\"(max-width: 200px) 100vw, 200px\" \/>\t\t\t\t\t\t\t\t\t\t\t\t\t\t\t<\/div>\n\t\t\t\t<\/div>\n\t\t\t\t\t<\/div>\n\t\t<\/div>\n\t\t\t\t<div class=\"elementor-column elementor-col-33 elementor-top-column elementor-element elementor-element-ebb2ba7\" data-id=\"ebb2ba7\" data-element_type=\"column\" data-e-type=\"column\">\n\t\t\t<div class=\"elementor-widget-wrap elementor-element-populated\">\n\t\t\t\t\t\t<div class=\"elementor-element elementor-element-14b6458 elementor-widget elementor-widget-image\" data-id=\"14b6458\" data-element_type=\"widget\" data-e-type=\"widget\" data-widget_type=\"image.default\">\n\t\t\t\t<div class=\"elementor-widget-container\">\n\t\t\t\t\t\t\t\t\t\t\t\t\t\t\t<img decoding=\"async\" src=\"https:\/\/www.darlingrosesportugal.com\/wp-content\/uploads\/2021\/11\/quotes.svg\" class=\"attachment-full size-full wp-image-117\" alt=\"\" \/>\t\t\t\t\t\t\t\t\t\t\t\t\t\t\t<\/div>\n\t\t\t\t<\/div>\n\t\t\t\t<div class=\"elementor-element elementor-element-beb0353 elementor-widget elementor-widget-heading\" data-id=\"beb0353\" data-element_type=\"widget\" data-e-type=\"widget\" data-widget_type=\"heading.default\">\n\t\t\t\t<div class=\"elementor-widget-container\">\n\t\t\t\t\t<h4 class=\"elementor-heading-title elementor-size-default\">\u201cAdoramos a criatividade e a personaliza\u00e7\u00e3o, por isso procur\u00e1vamos oferecer algo mais.,\u201d<br>                                                                   <\/h4>\t\t\t\t<\/div>\n\t\t\t\t<\/div>\n\t\t\t\t\t<\/div>\n\t\t<\/div>\n\t\t\t\t<div class=\"elementor-column elementor-col-33 elementor-top-column elementor-element elementor-element-9e16007\" data-id=\"9e16007\" data-element_type=\"column\" data-e-type=\"column\">\n\t\t\t<div class=\"elementor-widget-wrap elementor-element-populated\">\n\t\t\t\t\t\t<div class=\"elementor-element elementor-element-50ff8e9 elementor-widget elementor-widget-image\" data-id=\"50ff8e9\" data-element_type=\"widget\" data-e-type=\"widget\" data-widget_type=\"image.default\">\n\t\t\t\t<div class=\"elementor-widget-container\">\n\t\t\t\t\t\t\t\t\t\t\t\t\t\t\t<img decoding=\"async\" width=\"717\" height=\"1000\" src=\"https:\/\/www.darlingrosesportugal.com\/wp-content\/uploads\/2022\/04\/DSF8117.jpg\" class=\"attachment-large size-large wp-image-4093\" alt=\"\" srcset=\"https:\/\/www.darlingrosesportugal.com\/wp-content\/uploads\/2022\/04\/DSF8117.jpg 717w, https:\/\/www.darlingrosesportugal.com\/wp-content\/uploads\/2022\/04\/DSF8117-215x300.jpg 215w, https:\/\/www.darlingrosesportugal.com\/wp-content\/uploads\/2022\/04\/DSF8117-9x12.jpg 9w, https:\/\/www.darlingrosesportugal.com\/wp-content\/uploads\/2022\/04\/DSF8117-600x837.jpg 600w\" sizes=\"(max-width: 717px) 100vw, 717px\" \/>\t\t\t\t\t\t\t\t\t\t\t\t\t\t\t<\/div>\n\t\t\t\t<\/div>\n\t\t\t\t\t<\/div>\n\t\t<\/div>\n\t\t\t\t\t<\/div>\n\t\t<\/section>\n\t\t\t\t<\/div>","protected":false},"excerpt":{"rendered":"<p>Sobre N\u00f3s Ol\u00e1, somos duas amantes de flores e decora\u00e7\u00e3o. Come\u00e7\u00e1mos h\u00e1 muito tempo a criar arranjos para as nossas casas, para amigos e, ocasionalmente, como presente. Enquanto os nossos filhos eram pequenos, est\u00e1vamos muito ocupadas com eles, mas agora que j\u00e1 cresceram, temos muito mais tempo livre para nos dedicarmos ao que mais gostamos: [&hellip;]<\/p>\n","protected":false},"author":1,"featured_media":0,"parent":0,"menu_order":0,"comment_status":"closed","ping_status":"closed","template":"elementor_header_footer","meta":{"_eb_attr":"","_uag_custom_page_level_css":"","site-sidebar-layout":"no-sidebar","site-content-layout":"page-builder","ast-site-content-layout":"default","site-content-style":"default","site-sidebar-style":"default","ast-global-header-display":"","ast-banner-title-visibility":"","ast-main-header-display":"","ast-hfb-above-header-display":"","ast-hfb-below-header-display":"","ast-hfb-mobile-header-display":"","site-post-title":"disabled","ast-breadcrumbs-content":"","ast-featured-img":"disabled","footer-sml-layout":"","ast-disable-related-posts":"","theme-transparent-header-meta":"enabled","adv-header-id-meta":"","stick-header-meta":"","header-above-stick-meta":"","header-main-stick-meta":"","header-below-stick-meta":"","astra-migrate-meta-layouts":"default","ast-page-background-enabled":"default","ast-page-background-meta":{"desktop":{"background-color":"var(--ast-global-color-4)","background-image":"","background-repeat":"repeat","background-position":"center center","background-size":"auto","background-attachment":"scroll","background-type":"","background-media":"","overlay-type":"","overlay-color":"","overlay-opacity":"","overlay-gradient":""},"tablet":{"background-color":"","background-image":"","background-repeat":"repeat","background-position":"center center","background-size":"auto","background-attachment":"scroll","background-type":"","background-media":"","overlay-type":"","overlay-color":"","overlay-opacity":"","overlay-gradient":""},"mobile":{"background-color":"","background-image":"","background-repeat":"repeat","background-position":"center center","background-size":"auto","background-attachment":"scroll","background-type":"","background-media":"","overlay-type":"","overlay-color":"","overlay-opacity":"","overlay-gradient":""}},"ast-content-background-meta":{"desktop":{"background-color":"var(--ast-global-color-5)","background-image":"","background-repeat":"repeat","background-position":"center center","background-size":"auto","background-attachment":"scroll","background-type":"","background-media":"","overlay-type":"","overlay-color":"","overlay-opacity":"","overlay-gradient":""},"tablet":{"background-color":"var(--ast-global-color-5)","background-image":"","background-repeat":"repeat","background-position":"center center","background-size":"auto","background-attachment":"scroll","background-type":"","background-media":"","overlay-type":"","overlay-color":"","overlay-opacity":"","overlay-gradient":""},"mobile":{"background-color":"var(--ast-global-color-5)","background-image":"","background-repeat":"repeat","background-position":"center center","background-size":"auto","background-attachment":"scroll","background-type":"","background-media":"","overlay-type":"","overlay-color":"","overlay-opacity":"","overlay-gradient":""}},"footnotes":""},"class_list":["post-2987","page","type-page","status-publish","hentry"],"yoast_head":"<!-- This site is optimized with the Yoast SEO plugin v27.4 - https:\/\/yoast.com\/product\/yoast-seo-wordpress\/ -->\n<title>About - Darling Roses Portugal<\/title>\n<meta name=\"description\" content=\"Saber mas sobre rosas preservadas y las personas que hacen los bouquets artesanalmente\" \/>\n<meta name=\"robots\" content=\"index, follow, max-snippet:-1, max-image-preview:large, max-video-preview:-1\" \/>\n<link rel=\"canonical\" href=\"https:\/\/www.darlingrosesportugal.com\/en\/sobre-nosotras-creacion-de-bouquets-de-rosas-preservadas\/\" \/>\n<meta property=\"og:locale\" content=\"en_GB\" \/>\n<meta property=\"og:type\" content=\"article\" \/>\n<meta property=\"og:title\" content=\"About - Darling Roses Portugal\" \/>\n<meta property=\"og:description\" content=\"Saber mas sobre rosas preservadas y las personas que hacen los bouquets artesanalmente\" \/>\n<meta property=\"og:url\" content=\"https:\/\/www.darlingrosesportugal.com\/en\/sobre-nosotras-creacion-de-bouquets-de-rosas-preservadas\/\" \/>\n<meta property=\"og:site_name\" content=\"Darling Roses Portugal\" \/>\n<meta property=\"article:publisher\" content=\"https:\/\/www.facebook.com\/profile.php?id=100086260200492\" \/>\n<meta property=\"article:modified_time\" content=\"2025-04-06T18:14:01+00:00\" \/>\n<meta property=\"og:image\" content=\"https:\/\/www.darlingrosesportugal.com\/wp-content\/uploads\/2025\/04\/Darlingrosesportugal_logo2.webp\" \/>\n\t<meta property=\"og:image:width\" content=\"1024\" \/>\n\t<meta property=\"og:image:height\" content=\"1024\" \/>\n\t<meta property=\"og:image:type\" content=\"image\/webp\" \/>\n<meta name=\"twitter:card\" content=\"summary_large_image\" \/>\n<meta name=\"twitter:site\" content=\"@Darling_Roses_\" \/>\n<meta name=\"twitter:label1\" content=\"Estimated reading time\" \/>\n\t<meta name=\"twitter:data1\" content=\"2 minutes\" \/>\n<script type=\"application\/ld+json\" class=\"yoast-schema-graph\">{\"@context\":\"https:\\\/\\\/schema.org\",\"@graph\":[{\"@type\":\"WebPage\",\"@id\":\"https:\\\/\\\/www.darlingrosesportugal.com\\\/sobre-nosotras-creacion-de-bouquets-de-rosas-preservadas\\\/\",\"url\":\"https:\\\/\\\/www.darlingrosesportugal.com\\\/sobre-nosotras-creacion-de-bouquets-de-rosas-preservadas\\\/\",\"name\":\"About - Darling Roses Portugal\",\"isPartOf\":{\"@id\":\"https:\\\/\\\/www.darlingrosesportugal.com\\\/#website\"},\"primaryImageOfPage\":{\"@id\":\"https:\\\/\\\/www.darlingrosesportugal.com\\\/sobre-nosotras-creacion-de-bouquets-de-rosas-preservadas\\\/#primaryimage\"},\"image\":{\"@id\":\"https:\\\/\\\/www.darlingrosesportugal.com\\\/sobre-nosotras-creacion-de-bouquets-de-rosas-preservadas\\\/#primaryimage\"},\"thumbnailUrl\":\"https:\\\/\\\/www.darlingrosesportugal.com\\\/wp-content\\\/uploads\\\/2025\\\/04\\\/Darlingrosesportugal_logo2-768x768.webp\",\"datePublished\":\"2021-11-21T15:14:19+00:00\",\"dateModified\":\"2025-04-06T18:14:01+00:00\",\"description\":\"Saber mas sobre rosas preservadas y las personas que hacen los bouquets artesanalmente\",\"breadcrumb\":{\"@id\":\"https:\\\/\\\/www.darlingrosesportugal.com\\\/sobre-nosotras-creacion-de-bouquets-de-rosas-preservadas\\\/#breadcrumb\"},\"inLanguage\":\"en-GB\",\"potentialAction\":[{\"@type\":\"ReadAction\",\"target\":[\"https:\\\/\\\/www.darlingrosesportugal.com\\\/sobre-nosotras-creacion-de-bouquets-de-rosas-preservadas\\\/\"]}]},{\"@type\":\"ImageObject\",\"inLanguage\":\"en-GB\",\"@id\":\"https:\\\/\\\/www.darlingrosesportugal.com\\\/sobre-nosotras-creacion-de-bouquets-de-rosas-preservadas\\\/#primaryimage\",\"url\":\"https:\\\/\\\/www.darlingrosesportugal.com\\\/wp-content\\\/uploads\\\/2025\\\/04\\\/Darlingrosesportugal_logo2-768x768.webp\",\"contentUrl\":\"https:\\\/\\\/www.darlingrosesportugal.com\\\/wp-content\\\/uploads\\\/2025\\\/04\\\/Darlingrosesportugal_logo2-768x768.webp\"},{\"@type\":\"BreadcrumbList\",\"@id\":\"https:\\\/\\\/www.darlingrosesportugal.com\\\/sobre-nosotras-creacion-de-bouquets-de-rosas-preservadas\\\/#breadcrumb\",\"itemListElement\":[{\"@type\":\"ListItem\",\"position\":1,\"name\":\"Inicio\",\"item\":\"https:\\\/\\\/www.darlingrosesportugal.com\\\/\"},{\"@type\":\"ListItem\",\"position\":2,\"name\":\"About\"}]},{\"@type\":\"WebSite\",\"@id\":\"https:\\\/\\\/www.darlingrosesportugal.com\\\/#website\",\"url\":\"https:\\\/\\\/www.darlingrosesportugal.com\\\/\",\"name\":\"Darling Roses Portugal\",\"description\":\"Florista online de Rosas Preservadas em Portugal\",\"publisher\":{\"@id\":\"https:\\\/\\\/www.darlingrosesportugal.com\\\/#organization\"},\"alternateName\":\"Floristeria Online Rosas Preservadas Sevilla\",\"potentialAction\":[{\"@type\":\"SearchAction\",\"target\":{\"@type\":\"EntryPoint\",\"urlTemplate\":\"https:\\\/\\\/www.darlingrosesportugal.com\\\/?s={search_term_string}\"},\"query-input\":{\"@type\":\"PropertyValueSpecification\",\"valueRequired\":true,\"valueName\":\"search_term_string\"}}],\"inLanguage\":\"en-GB\"},{\"@type\":\"Organization\",\"@id\":\"https:\\\/\\\/www.darlingrosesportugal.com\\\/#organization\",\"name\":\"Darling Roses\",\"alternateName\":\"Floristeria Online Rosas Preservadas Sevilla\",\"url\":\"https:\\\/\\\/www.darlingrosesportugal.com\\\/\",\"logo\":{\"@type\":\"ImageObject\",\"inLanguage\":\"en-GB\",\"@id\":\"https:\\\/\\\/www.darlingrosesportugal.com\\\/#\\\/schema\\\/logo\\\/image\\\/\",\"url\":\"https:\\\/\\\/www.darlingrosesportugal.com\\\/wp-content\\\/uploads\\\/2022\\\/09\\\/darlingroses-small.png\",\"contentUrl\":\"https:\\\/\\\/www.darlingrosesportugal.com\\\/wp-content\\\/uploads\\\/2022\\\/09\\\/darlingroses-small.png\",\"width\":312,\"height\":282,\"caption\":\"Darling Roses\"},\"image\":{\"@id\":\"https:\\\/\\\/www.darlingrosesportugal.com\\\/#\\\/schema\\\/logo\\\/image\\\/\"},\"sameAs\":[\"https:\\\/\\\/www.facebook.com\\\/profile.php?id=100086260200492\",\"https:\\\/\\\/x.com\\\/Darling_Roses_\"]}]}<\/script>\n<!-- \/ Yoast SEO plugin. -->","yoast_head_json":{"title":"About - Darling Roses Portugal","description":"Saber mas sobre rosas preservadas y las personas que hacen los bouquets artesanalmente","robots":{"index":"index","follow":"follow","max-snippet":"max-snippet:-1","max-image-preview":"max-image-preview:large","max-video-preview":"max-video-preview:-1"},"canonical":"https:\/\/www.darlingrosesportugal.com\/en\/sobre-nosotras-creacion-de-bouquets-de-rosas-preservadas\/","og_locale":"en_GB","og_type":"article","og_title":"About - Darling Roses Portugal","og_description":"Saber mas sobre rosas preservadas y las personas que hacen los bouquets artesanalmente","og_url":"https:\/\/www.darlingrosesportugal.com\/en\/sobre-nosotras-creacion-de-bouquets-de-rosas-preservadas\/","og_site_name":"Darling Roses Portugal","article_publisher":"https:\/\/www.facebook.com\/profile.php?id=100086260200492","article_modified_time":"2025-04-06T18:14:01+00:00","og_image":[{"width":1024,"height":1024,"url":"https:\/\/www.darlingrosesportugal.com\/wp-content\/uploads\/2025\/04\/Darlingrosesportugal_logo2.webp","type":"image\/webp"}],"twitter_card":"summary_large_image","twitter_site":"@Darling_Roses_","twitter_misc":{"Estimated reading time":"2 minutes"},"schema":{"@context":"https:\/\/schema.org","@graph":[{"@type":"WebPage","@id":"https:\/\/www.darlingrosesportugal.com\/sobre-nosotras-creacion-de-bouquets-de-rosas-preservadas\/","url":"https:\/\/www.darlingrosesportugal.com\/sobre-nosotras-creacion-de-bouquets-de-rosas-preservadas\/","name":"About - Darling Roses Portugal","isPartOf":{"@id":"https:\/\/www.darlingrosesportugal.com\/#website"},"primaryImageOfPage":{"@id":"https:\/\/www.darlingrosesportugal.com\/sobre-nosotras-creacion-de-bouquets-de-rosas-preservadas\/#primaryimage"},"image":{"@id":"https:\/\/www.darlingrosesportugal.com\/sobre-nosotras-creacion-de-bouquets-de-rosas-preservadas\/#primaryimage"},"thumbnailUrl":"https:\/\/www.darlingrosesportugal.com\/wp-content\/uploads\/2025\/04\/Darlingrosesportugal_logo2-768x768.webp","datePublished":"2021-11-21T15:14:19+00:00","dateModified":"2025-04-06T18:14:01+00:00","description":"Saber mas sobre rosas preservadas y las personas que hacen los bouquets artesanalmente","breadcrumb":{"@id":"https:\/\/www.darlingrosesportugal.com\/sobre-nosotras-creacion-de-bouquets-de-rosas-preservadas\/#breadcrumb"},"inLanguage":"en-GB","potentialAction":[{"@type":"ReadAction","target":["https:\/\/www.darlingrosesportugal.com\/sobre-nosotras-creacion-de-bouquets-de-rosas-preservadas\/"]}]},{"@type":"ImageObject","inLanguage":"en-GB","@id":"https:\/\/www.darlingrosesportugal.com\/sobre-nosotras-creacion-de-bouquets-de-rosas-preservadas\/#primaryimage","url":"https:\/\/www.darlingrosesportugal.com\/wp-content\/uploads\/2025\/04\/Darlingrosesportugal_logo2-768x768.webp","contentUrl":"https:\/\/www.darlingrosesportugal.com\/wp-content\/uploads\/2025\/04\/Darlingrosesportugal_logo2-768x768.webp"},{"@type":"BreadcrumbList","@id":"https:\/\/www.darlingrosesportugal.com\/sobre-nosotras-creacion-de-bouquets-de-rosas-preservadas\/#breadcrumb","itemListElement":[{"@type":"ListItem","position":1,"name":"Inicio","item":"https:\/\/www.darlingrosesportugal.com\/"},{"@type":"ListItem","position":2,"name":"About"}]},{"@type":"WebSite","@id":"https:\/\/www.darlingrosesportugal.com\/#website","url":"https:\/\/www.darlingrosesportugal.com\/","name":"Darling Roses Portugal","description":"Online florist for preserved roses in Portugal","publisher":{"@id":"https:\/\/www.darlingrosesportugal.com\/#organization"},"alternateName":"Floristeria Online Rosas Preservadas Sevilla","potentialAction":[{"@type":"SearchAction","target":{"@type":"EntryPoint","urlTemplate":"https:\/\/www.darlingrosesportugal.com\/?s={search_term_string}"},"query-input":{"@type":"PropertyValueSpecification","valueRequired":true,"valueName":"search_term_string"}}],"inLanguage":"en-GB"},{"@type":"Organization","@id":"https:\/\/www.darlingrosesportugal.com\/#organization","name":"Darling Roses","alternateName":"Floristeria Online Rosas Preservadas Sevilla","url":"https:\/\/www.darlingrosesportugal.com\/","logo":{"@type":"ImageObject","inLanguage":"en-GB","@id":"https:\/\/www.darlingrosesportugal.com\/#\/schema\/logo\/image\/","url":"https:\/\/www.darlingrosesportugal.com\/wp-content\/uploads\/2022\/09\/darlingroses-small.png","contentUrl":"https:\/\/www.darlingrosesportugal.com\/wp-content\/uploads\/2022\/09\/darlingroses-small.png","width":312,"height":282,"caption":"Darling Roses"},"image":{"@id":"https:\/\/www.darlingrosesportugal.com\/#\/schema\/logo\/image\/"},"sameAs":["https:\/\/www.facebook.com\/profile.php?id=100086260200492","https:\/\/x.com\/Darling_Roses_"]}]}},"uagb_featured_image_src":{"full":false,"thumbnail":false,"medium":false,"medium_large":false,"large":false,"1536x1536":false,"2048x2048":false,"trp-custom-language-flag":false,"woocommerce_thumbnail":false,"woocommerce_single":false,"woocommerce_gallery_thumbnail":false},"uagb_author_info":{"display_name":"admin","author_link":"https:\/\/www.darlingrosesportugal.com\/en\/author\/admin\/"},"uagb_comment_info":0,"uagb_excerpt":"Sobre N\u00f3s Ol\u00e1, somos duas amantes de flores e decora\u00e7\u00e3o. Come\u00e7\u00e1mos h\u00e1 muito tempo a criar arranjos para as nossas casas, para amigos e, ocasionalmente, como presente. Enquanto os nossos filhos eram pequenos, est\u00e1vamos muito ocupadas com eles, mas agora que j\u00e1 cresceram, temos muito mais tempo livre para nos dedicarmos ao que mais gostamos:&hellip;","jetpack_sharing_enabled":true,"_links":{"self":[{"href":"https:\/\/www.darlingrosesportugal.com\/en\/wp-json\/wp\/v2\/pages\/2987","targetHints":{"allow":["GET"]}}],"collection":[{"href":"https:\/\/www.darlingrosesportugal.com\/en\/wp-json\/wp\/v2\/pages"}],"about":[{"href":"https:\/\/www.darlingrosesportugal.com\/en\/wp-json\/wp\/v2\/types\/page"}],"author":[{"embeddable":true,"href":"https:\/\/www.darlingrosesportugal.com\/en\/wp-json\/wp\/v2\/users\/1"}],"replies":[{"embeddable":true,"href":"https:\/\/www.darlingrosesportugal.com\/en\/wp-json\/wp\/v2\/comments?post=2987"}],"version-history":[{"count":96,"href":"https:\/\/www.darlingrosesportugal.com\/en\/wp-json\/wp\/v2\/pages\/2987\/revisions"}],"predecessor-version":[{"id":6755,"href":"https:\/\/www.darlingrosesportugal.com\/en\/wp-json\/wp\/v2\/pages\/2987\/revisions\/6755"}],"wp:attachment":[{"href":"https:\/\/www.darlingrosesportugal.com\/en\/wp-json\/wp\/v2\/media?parent=2987"}],"curies":[{"name":"wp","href":"https:\/\/api.w.org\/{rel}","templated":true}]}}