{"id":5515,"date":"2023-07-25T11:23:18","date_gmt":"2023-07-25T11:23:18","guid":{"rendered":"https:\/\/www.darlingrosesportugal.com\/?post_type=product&#038;p=5515"},"modified":"2025-04-21T15:02:15","modified_gmt":"2025-04-21T15:02:15","slug":"bouquet-lovely","status":"publish","type":"product","link":"https:\/\/www.darlingrosesportugal.com\/en\/product\/bouquet-lovely\/","title":{"rendered":"Bouquet Lovely"},"content":{"rendered":"<p>Las rosas preservadas son flores reales, tratadas para que duren mucho tiempo, a\u00f1os si se les da cierto cuidado, c\u00f3mo la no exposici\u00f3n al sol, al fr\u00edo o a corrientes de aire, s\u00f3lo con un poquito de mimo tendr\u00e1s un exquisito y delicado bouquet de rosas perdurables.<\/p>\n<p>Precio incluye IVA y transporte a destino.<\/p>\n<div class=\"\"><b class=\"\">CONDICIONES ESPECIALES DE CONSERVACION<\/b><\/div>\n<div class=\"\"><\/div>\n<div class=\"\">Las rosas que usted recibir\u00e1 son rosas delicadas, si usted tiene ciertos cuidados sus rosas perdudar\u00e1n por un largo tiempo. Le sugerimos que siga la siguiente rutina de cuidados:<\/div>\n<div class=\"\"><\/div>\n<div class=\"\">No las riegue, no necesitan agua.<\/div>\n<div class=\"\">No las ponga directamente a la luz del sol.<\/div>\n<div class=\"\">No las ponga en lugares donde haga mucho calor, fr\u00edo o humedad.<\/div>\n<div class=\"\">No las toque para que no se da\u00f1en los p\u00e9talos.<\/div>\n<div class=\"\">Para quitar el polvo, utilice un secador de pelo en intensidad baja y sin calor.<\/div>\n<div class=\"\">No intente quitar las rosas de su caja, pues pueden estropearse.<\/div>","protected":false},"excerpt":{"rendered":"<p>Bouquet Lovely. Bouquet de 9 rosas de color rojo en caja de color camel. Dimensiones de la caja 14.7\u00d711.4 cms.<\/p>","protected":false},"featured_media":6018,"comment_status":"open","ping_status":"closed","template":"","meta":{"_eb_attr":"","_uag_custom_page_level_css":"","site-sidebar-layout":"default","site-content-layout":"default","ast-site-content-layout":"default","site-content-style":"default","site-sidebar-style":"default","ast-global-header-display":"","ast-banner-title-visibility":"","ast-main-header-display":"","ast-hfb-above-header-display":"","ast-hfb-below-header-display":"","ast-hfb-mobile-header-display":"","site-post-title":"","ast-breadcrumbs-content":"","ast-featured-img":"","footer-sml-layout":"","ast-disable-related-posts":"","theme-transparent-header-meta":"default","adv-header-id-meta":"","stick-header-meta":"default","header-above-stick-meta":"","header-main-stick-meta":"","header-below-stick-meta":"","astra-migrate-meta-layouts":"set","ast-page-background-enabled":"default","ast-page-background-meta":{"desktop":{"background-color":"var(--ast-global-color-4)","background-image":"","background-repeat":"repeat","background-position":"center center","background-size":"auto","background-attachment":"scroll","background-type":"","background-media":"","overlay-type":"","overlay-color":"","overlay-opacity":"","overlay-gradient":""},"tablet":{"background-color":"","background-image":"","background-repeat":"repeat","background-position":"center center","background-size":"auto","background-attachment":"scroll","background-type":"","background-media":"","overlay-type":"","overlay-color":"","overlay-opacity":"","overlay-gradient":""},"mobile":{"background-color":"","background-image":"","background-repeat":"repeat","background-position":"center center","background-size":"auto","background-attachment":"scroll","background-type":"","background-media":"","overlay-type":"","overlay-color":"","overlay-opacity":"","overlay-gradient":""}},"ast-content-background-meta":{"desktop":{"background-color":"var(--ast-global-color-5)","background-image":"","background-repeat":"repeat","background-position":"center center","background-size":"auto","background-attachment":"scroll","background-type":"","background-media":"","overlay-type":"","overlay-color":"","overlay-opacity":"","overlay-gradient":""},"tablet":{"background-color":"var(--ast-global-color-5)","background-image":"","background-repeat":"repeat","background-position":"center center","background-size":"auto","background-attachment":"scroll","background-type":"","background-media":"","overlay-type":"","overlay-color":"","overlay-opacity":"","overlay-gradient":""},"mobile":{"background-color":"var(--ast-global-color-5)","background-image":"","background-repeat":"repeat","background-position":"center center","background-size":"auto","background-attachment":"scroll","background-type":"","background-media":"","overlay-type":"","overlay-color":"","overlay-opacity":"","overlay-gradient":""}}},"product_brand":[],"product_cat":[84],"product_tag":[],"class_list":{"0":"post-5515","1":"product","2":"type-product","3":"status-publish","4":"has-post-thumbnail","6":"product_cat-especial-san-valentin","7":"desktop-align-left","8":"tablet-align-left","9":"mobile-align-left","10":"ast-product-gallery-layout-horizontal-slider","11":"ast-product-tabs-layout-horizontal","13":"first","14":"instock","15":"sold-individually","16":"purchasable","17":"product-type-simple"},"yoast_head":"<!-- This site is optimized with the Yoast SEO plugin v27.4 - https:\/\/yoast.com\/product\/yoast-seo-wordpress\/ -->\n<title>Bouquet Lovely - Darling Roses Portugal<\/title>\n<meta name=\"description\" content=\"Bouquet Lovely. Bouquet de 9 rosas de color rojo en caja de color camel. Dimensiones de la caja 14.7\u00d711.4 cms.\" \/>\n<meta name=\"robots\" content=\"index, follow, max-snippet:-1, max-image-preview:large, max-video-preview:-1\" \/>\n<link rel=\"canonical\" href=\"https:\/\/www.darlingrosesportugal.com\/en\/product\/bouquet-lovely\/\" \/>\n<meta property=\"og:locale\" content=\"en_GB\" \/>\n<meta property=\"og:type\" content=\"article\" \/>\n<meta property=\"og:title\" content=\"Bouquet Lovely - Darling Roses Portugal\" \/>\n<meta property=\"og:description\" content=\"Bouquet Lovely. Bouquet de 9 rosas de color rojo en caja de color camel. Dimensiones de la caja 14.7\u00d711.4 cms.\" \/>\n<meta property=\"og:url\" content=\"https:\/\/www.darlingrosesportugal.com\/en\/product\/bouquet-lovely\/\" \/>\n<meta property=\"og:site_name\" content=\"Darling Roses Portugal\" \/>\n<meta property=\"article:publisher\" content=\"https:\/\/www.facebook.com\/profile.php?id=100086260200492\" \/>\n<meta property=\"article:modified_time\" content=\"2025-04-21T15:02:15+00:00\" \/>\n<meta property=\"og:image\" content=\"https:\/\/www.darlingrosesportugal.com\/wp-content\/uploads\/2023\/07\/Bouquet_Lovely_3A.png\" \/>\n\t<meta property=\"og:image:width\" content=\"800\" \/>\n\t<meta property=\"og:image:height\" content=\"1066\" \/>\n\t<meta property=\"og:image:type\" content=\"image\/png\" \/>\n<meta name=\"twitter:card\" content=\"summary_large_image\" \/>\n<meta name=\"twitter:site\" content=\"@Darling_Roses_\" \/>\n<meta name=\"twitter:label1\" content=\"Price\" \/>\n\t<meta name=\"twitter:data1\" content=\"99,00&nbsp;&euro;\" \/>\n\t<meta name=\"twitter:label2\" content=\"Availability\" \/>\n\t<meta name=\"twitter:data2\" content=\"In stock\" \/>\n<script type=\"application\/ld+json\" class=\"yoast-schema-graph\">{\"@context\":\"https:\\\/\\\/schema.org\",\"@graph\":[{\"@type\":\"WebPage\",\"@id\":\"https:\\\/\\\/www.darlingrosesportugal.com\\\/product\\\/bouquet-lovely\\\/\",\"url\":\"https:\\\/\\\/www.darlingrosesportugal.com\\\/product\\\/bouquet-lovely\\\/\",\"name\":\"Bouquet Lovely - Darling Roses Portugal\",\"isPartOf\":{\"@id\":\"https:\\\/\\\/www.darlingrosesportugal.com\\\/#website\"},\"primaryImageOfPage\":{\"@id\":\"https:\\\/\\\/www.darlingrosesportugal.com\\\/product\\\/bouquet-lovely\\\/#primaryimage\"},\"image\":{\"@id\":\"https:\\\/\\\/www.darlingrosesportugal.com\\\/product\\\/bouquet-lovely\\\/#primaryimage\"},\"thumbnailUrl\":\"https:\\\/\\\/www.darlingrosesportugal.com\\\/wp-content\\\/uploads\\\/2023\\\/07\\\/Bouquet_Lovely_3A.png\",\"datePublished\":\"2023-07-25T11:23:18+00:00\",\"dateModified\":\"2025-04-21T15:02:15+00:00\",\"description\":\"Bouquet Lovely. Bouquet de 9 rosas de color rojo en caja de color camel. Dimensiones de la caja 14.7\u00d711.4 cms.\",\"breadcrumb\":{\"@id\":\"https:\\\/\\\/www.darlingrosesportugal.com\\\/product\\\/bouquet-lovely\\\/#breadcrumb\"},\"inLanguage\":\"en-GB\",\"potentialAction\":[{\"@type\":\"ReadAction\",\"target\":[\"https:\\\/\\\/www.darlingrosesportugal.com\\\/product\\\/bouquet-lovely\\\/\"]}]},{\"@type\":\"ImageObject\",\"inLanguage\":\"en-GB\",\"@id\":\"https:\\\/\\\/www.darlingrosesportugal.com\\\/product\\\/bouquet-lovely\\\/#primaryimage\",\"url\":\"https:\\\/\\\/www.darlingrosesportugal.com\\\/wp-content\\\/uploads\\\/2023\\\/07\\\/Bouquet_Lovely_3A.png\",\"contentUrl\":\"https:\\\/\\\/www.darlingrosesportugal.com\\\/wp-content\\\/uploads\\\/2023\\\/07\\\/Bouquet_Lovely_3A.png\",\"width\":800,\"height\":1066},{\"@type\":\"BreadcrumbList\",\"@id\":\"https:\\\/\\\/www.darlingrosesportugal.com\\\/product\\\/bouquet-lovely\\\/#breadcrumb\",\"itemListElement\":[{\"@type\":\"ListItem\",\"position\":1,\"name\":\"Inicio\",\"item\":\"https:\\\/\\\/www.darlingrosesportugal.com\\\/\"},{\"@type\":\"ListItem\",\"position\":2,\"name\":\"Shop\",\"item\":\"https:\\\/\\\/www.darlingrosesportugal.com\\\/shop\\\/\"},{\"@type\":\"ListItem\",\"position\":3,\"name\":\"Bouquet Lovely\"}]},{\"@type\":\"WebSite\",\"@id\":\"https:\\\/\\\/www.darlingrosesportugal.com\\\/#website\",\"url\":\"https:\\\/\\\/www.darlingrosesportugal.com\\\/\",\"name\":\"Darling Roses Portugal\",\"description\":\"Florista online de Rosas Preservadas em Portugal\",\"publisher\":{\"@id\":\"https:\\\/\\\/www.darlingrosesportugal.com\\\/#organization\"},\"alternateName\":\"Floristeria Online Rosas Preservadas Sevilla\",\"potentialAction\":[{\"@type\":\"SearchAction\",\"target\":{\"@type\":\"EntryPoint\",\"urlTemplate\":\"https:\\\/\\\/www.darlingrosesportugal.com\\\/?s={search_term_string}\"},\"query-input\":{\"@type\":\"PropertyValueSpecification\",\"valueRequired\":true,\"valueName\":\"search_term_string\"}}],\"inLanguage\":\"en-GB\"},{\"@type\":\"Organization\",\"@id\":\"https:\\\/\\\/www.darlingrosesportugal.com\\\/#organization\",\"name\":\"Darling Roses\",\"alternateName\":\"Floristeria Online Rosas Preservadas Sevilla\",\"url\":\"https:\\\/\\\/www.darlingrosesportugal.com\\\/\",\"logo\":{\"@type\":\"ImageObject\",\"inLanguage\":\"en-GB\",\"@id\":\"https:\\\/\\\/www.darlingrosesportugal.com\\\/#\\\/schema\\\/logo\\\/image\\\/\",\"url\":\"https:\\\/\\\/www.darlingrosesportugal.com\\\/wp-content\\\/uploads\\\/2022\\\/09\\\/darlingroses-small.png\",\"contentUrl\":\"https:\\\/\\\/www.darlingrosesportugal.com\\\/wp-content\\\/uploads\\\/2022\\\/09\\\/darlingroses-small.png\",\"width\":312,\"height\":282,\"caption\":\"Darling Roses\"},\"image\":{\"@id\":\"https:\\\/\\\/www.darlingrosesportugal.com\\\/#\\\/schema\\\/logo\\\/image\\\/\"},\"sameAs\":[\"https:\\\/\\\/www.facebook.com\\\/profile.php?id=100086260200492\",\"https:\\\/\\\/x.com\\\/Darling_Roses_\"]}]}<\/script>\n<meta property=\"product:price:amount\" content=\"99.00\" \/>\n<meta property=\"product:price:currency\" content=\"EUR\" \/>\n<meta property=\"og:availability\" content=\"instock\" \/>\n<meta property=\"product:availability\" content=\"instock\" \/>\n<meta property=\"product:retailer_item_id\" content=\"J23-002\" \/>\n<meta property=\"product:condition\" content=\"new\" \/>\n<!-- \/ Yoast SEO plugin. -->","yoast_head_json":{"title":"Bouquet Lovely - Darling Roses Portugal","description":"Bouquet Lovely. Bouquet de 9 rosas de color rojo en caja de color camel. Dimensiones de la caja 14.7\u00d711.4 cms.","robots":{"index":"index","follow":"follow","max-snippet":"max-snippet:-1","max-image-preview":"max-image-preview:large","max-video-preview":"max-video-preview:-1"},"canonical":"https:\/\/www.darlingrosesportugal.com\/en\/product\/bouquet-lovely\/","og_locale":"en_GB","og_type":"article","og_title":"Bouquet Lovely - Darling Roses Portugal","og_description":"Bouquet Lovely. Bouquet de 9 rosas de color rojo en caja de color camel. Dimensiones de la caja 14.7\u00d711.4 cms.","og_url":"https:\/\/www.darlingrosesportugal.com\/en\/product\/bouquet-lovely\/","og_site_name":"Darling Roses Portugal","article_publisher":"https:\/\/www.facebook.com\/profile.php?id=100086260200492","article_modified_time":"2025-04-21T15:02:15+00:00","og_image":[{"width":800,"height":1066,"url":"https:\/\/www.darlingrosesportugal.com\/wp-content\/uploads\/2023\/07\/Bouquet_Lovely_3A.png","type":"image\/png"}],"twitter_card":"summary_large_image","twitter_site":"@Darling_Roses_","twitter_misc":{"Price":"99,00&nbsp;&euro;","Availability":"In stock"},"schema":{"@context":"https:\/\/schema.org","@graph":[{"@type":"WebPage","@id":"https:\/\/www.darlingrosesportugal.com\/product\/bouquet-lovely\/","url":"https:\/\/www.darlingrosesportugal.com\/product\/bouquet-lovely\/","name":"Bouquet Lovely - Darling Roses Portugal","isPartOf":{"@id":"https:\/\/www.darlingrosesportugal.com\/#website"},"primaryImageOfPage":{"@id":"https:\/\/www.darlingrosesportugal.com\/product\/bouquet-lovely\/#primaryimage"},"image":{"@id":"https:\/\/www.darlingrosesportugal.com\/product\/bouquet-lovely\/#primaryimage"},"thumbnailUrl":"https:\/\/www.darlingrosesportugal.com\/wp-content\/uploads\/2023\/07\/Bouquet_Lovely_3A.png","datePublished":"2023-07-25T11:23:18+00:00","dateModified":"2025-04-21T15:02:15+00:00","description":"Bouquet Lovely. Bouquet de 9 rosas de color rojo en caja de color camel. Dimensiones de la caja 14.7\u00d711.4 cms.","breadcrumb":{"@id":"https:\/\/www.darlingrosesportugal.com\/product\/bouquet-lovely\/#breadcrumb"},"inLanguage":"en-GB","potentialAction":[{"@type":"ReadAction","target":["https:\/\/www.darlingrosesportugal.com\/product\/bouquet-lovely\/"]}]},{"@type":"ImageObject","inLanguage":"en-GB","@id":"https:\/\/www.darlingrosesportugal.com\/product\/bouquet-lovely\/#primaryimage","url":"https:\/\/www.darlingrosesportugal.com\/wp-content\/uploads\/2023\/07\/Bouquet_Lovely_3A.png","contentUrl":"https:\/\/www.darlingrosesportugal.com\/wp-content\/uploads\/2023\/07\/Bouquet_Lovely_3A.png","width":800,"height":1066},{"@type":"BreadcrumbList","@id":"https:\/\/www.darlingrosesportugal.com\/product\/bouquet-lovely\/#breadcrumb","itemListElement":[{"@type":"ListItem","position":1,"name":"Inicio","item":"https:\/\/www.darlingrosesportugal.com\/"},{"@type":"ListItem","position":2,"name":"Shop","item":"https:\/\/www.darlingrosesportugal.com\/shop\/"},{"@type":"ListItem","position":3,"name":"Bouquet Lovely"}]},{"@type":"WebSite","@id":"https:\/\/www.darlingrosesportugal.com\/#website","url":"https:\/\/www.darlingrosesportugal.com\/","name":"Darling Roses Portugal","description":"Online florist for preserved roses in Portugal","publisher":{"@id":"https:\/\/www.darlingrosesportugal.com\/#organization"},"alternateName":"Floristeria Online Rosas Preservadas Sevilla","potentialAction":[{"@type":"SearchAction","target":{"@type":"EntryPoint","urlTemplate":"https:\/\/www.darlingrosesportugal.com\/?s={search_term_string}"},"query-input":{"@type":"PropertyValueSpecification","valueRequired":true,"valueName":"search_term_string"}}],"inLanguage":"en-GB"},{"@type":"Organization","@id":"https:\/\/www.darlingrosesportugal.com\/#organization","name":"Darling Roses","alternateName":"Floristeria Online Rosas Preservadas Sevilla","url":"https:\/\/www.darlingrosesportugal.com\/","logo":{"@type":"ImageObject","inLanguage":"en-GB","@id":"https:\/\/www.darlingrosesportugal.com\/#\/schema\/logo\/image\/","url":"https:\/\/www.darlingrosesportugal.com\/wp-content\/uploads\/2022\/09\/darlingroses-small.png","contentUrl":"https:\/\/www.darlingrosesportugal.com\/wp-content\/uploads\/2022\/09\/darlingroses-small.png","width":312,"height":282,"caption":"Darling Roses"},"image":{"@id":"https:\/\/www.darlingrosesportugal.com\/#\/schema\/logo\/image\/"},"sameAs":["https:\/\/www.facebook.com\/profile.php?id=100086260200492","https:\/\/x.com\/Darling_Roses_"]}]},"product_price_amount":"99.00","product_price_currency":"EUR","og_availability":"instock","product_availability":"instock","product_retailer_item_id":"J23-002","product_condition":"new"},"uagb_featured_image_src":{"full":["https:\/\/www.darlingrosesportugal.com\/wp-content\/uploads\/2023\/07\/Bouquet_Lovely_3A.png",800,1066,false],"thumbnail":["https:\/\/www.darlingrosesportugal.com\/wp-content\/uploads\/2023\/07\/Bouquet_Lovely_3A-150x150.png",150,150,true],"medium":["https:\/\/www.darlingrosesportugal.com\/wp-content\/uploads\/2023\/07\/Bouquet_Lovely_3A-225x300.png",225,300,true],"medium_large":["https:\/\/www.darlingrosesportugal.com\/wp-content\/uploads\/2023\/07\/Bouquet_Lovely_3A-768x1023.png",768,1023,true],"large":["https:\/\/www.darlingrosesportugal.com\/wp-content\/uploads\/2023\/07\/Bouquet_Lovely_3A-768x1024.png",768,1024,true],"1536x1536":["https:\/\/www.darlingrosesportugal.com\/wp-content\/uploads\/2023\/07\/Bouquet_Lovely_3A.png",800,1066,false],"2048x2048":["https:\/\/www.darlingrosesportugal.com\/wp-content\/uploads\/2023\/07\/Bouquet_Lovely_3A.png",800,1066,false],"trp-custom-language-flag":["https:\/\/www.darlingrosesportugal.com\/wp-content\/uploads\/2023\/07\/Bouquet_Lovely_3A-9x12.png",9,12,true],"woocommerce_thumbnail":["https:\/\/www.darlingrosesportugal.com\/wp-content\/uploads\/2023\/07\/Bouquet_Lovely_3A-300x300.png",300,300,true],"woocommerce_single":["https:\/\/www.darlingrosesportugal.com\/wp-content\/uploads\/2023\/07\/Bouquet_Lovely_3A-600x800.png",600,800,true],"woocommerce_gallery_thumbnail":["https:\/\/www.darlingrosesportugal.com\/wp-content\/uploads\/2023\/07\/Bouquet_Lovely_3A-100x100.png",100,100,true]},"uagb_author_info":{"display_name":"admin","author_link":"https:\/\/www.darlingrosesportugal.com\/en\/author\/"},"uagb_comment_info":0,"uagb_excerpt":"Bouquet Lovely. Bouquet de 9 rosas de color rojo en caja de color camel. Dimensiones de la caja 14.7\u00d711.4 cms.","jetpack_sharing_enabled":true,"_links":{"self":[{"href":"https:\/\/www.darlingrosesportugal.com\/en\/wp-json\/wp\/v2\/product\/5515","targetHints":{"allow":["GET"]}}],"collection":[{"href":"https:\/\/www.darlingrosesportugal.com\/en\/wp-json\/wp\/v2\/product"}],"about":[{"href":"https:\/\/www.darlingrosesportugal.com\/en\/wp-json\/wp\/v2\/types\/product"}],"replies":[{"embeddable":true,"href":"https:\/\/www.darlingrosesportugal.com\/en\/wp-json\/wp\/v2\/comments?post=5515"}],"version-history":[{"count":5,"href":"https:\/\/www.darlingrosesportugal.com\/en\/wp-json\/wp\/v2\/product\/5515\/revisions"}],"predecessor-version":[{"id":5707,"href":"https:\/\/www.darlingrosesportugal.com\/en\/wp-json\/wp\/v2\/product\/5515\/revisions\/5707"}],"wp:featuredmedia":[{"embeddable":true,"href":"https:\/\/www.darlingrosesportugal.com\/en\/wp-json\/wp\/v2\/media\/6018"}],"wp:attachment":[{"href":"https:\/\/www.darlingrosesportugal.com\/en\/wp-json\/wp\/v2\/media?parent=5515"}],"wp:term":[{"taxonomy":"product_brand","embeddable":true,"href":"https:\/\/www.darlingrosesportugal.com\/en\/wp-json\/wp\/v2\/product_brand?post=5515"},{"taxonomy":"product_cat","embeddable":true,"href":"https:\/\/www.darlingrosesportugal.com\/en\/wp-json\/wp\/v2\/product_cat?post=5515"},{"taxonomy":"product_tag","embeddable":true,"href":"https:\/\/www.darlingrosesportugal.com\/en\/wp-json\/wp\/v2\/product_tag?post=5515"}],"curies":[{"name":"wp","href":"https:\/\/api.w.org\/{rel}","templated":true}]}}