{"id":6015,"date":"2023-07-31T18:33:14","date_gmt":"2023-07-31T18:33:14","guid":{"rendered":"https:\/\/www.darlingrosesportugal.com\/?post_type=product&#038;p=6015"},"modified":"2025-04-21T15:29:30","modified_gmt":"2025-04-21T15:29:30","slug":"bouquet-emerald","status":"publish","type":"product","link":"https:\/\/www.darlingrosesportugal.com\/en\/product\/bouquet-emerald\/","title":{"rendered":"Bouquet Emerald"},"content":{"rendered":"<p class=\"\" data-start=\"98\" data-end=\"355\">As rosas preservadas s\u00e3o flores naturais, tratadas para que durem muito tempo \u2014 anos, se forem cuidadas devidamente. Evite exp\u00f4-las ao sol, ao frio ou a correntes de ar. Com apenas um pouco de mimo, ter\u00e1 um requintado e delicado bouquet de rosas duradouras.<\/p>\n<p class=\"\" data-start=\"357\" data-end=\"404\">O pre\u00e7o inclui IVA e transporte at\u00e9 ao destino.<\/p>\n<hr class=\"\" data-start=\"406\" data-end=\"409\" \/>\n<h3 class=\"\" data-start=\"411\" data-end=\"449\">CONDI\u00c7\u00d5ES ESPECIAIS DE CONSERVA\u00c7\u00c3O<\/h3>\n<p class=\"\" data-start=\"451\" data-end=\"601\">As rosas que ir\u00e1 receber s\u00e3o delicadas. Com alguns cuidados, poder\u00e3o conservar-se por muito tempo. Sugerimos que siga a seguinte rotina de manuten\u00e7\u00e3o:<\/p>\n<ul data-start=\"603\" data-end=\"956\">\n<li class=\"\" data-start=\"603\" data-end=\"651\">\n<p class=\"\" data-start=\"605\" data-end=\"651\">N\u00e3o regue as rosas \u2014 n\u00e3o necessitam de \u00e1gua.<\/p>\n<\/li>\n<li class=\"\" data-start=\"652\" data-end=\"692\">\n<p class=\"\" data-start=\"654\" data-end=\"692\">N\u00e3o as coloque sob luz solar direta.<\/p>\n<\/li>\n<li class=\"\" data-start=\"693\" data-end=\"755\">\n<p class=\"\" data-start=\"695\" data-end=\"755\">N\u00e3o as exponha a locais com muito calor, frio ou humidade.<\/p>\n<\/li>\n<li class=\"\" data-start=\"756\" data-end=\"805\">\n<p class=\"\" data-start=\"758\" data-end=\"805\">Evite toc\u00e1-las para n\u00e3o danificar as p\u00e9talas.<\/p>\n<\/li>\n<li class=\"\" data-start=\"806\" data-end=\"891\">\n<p class=\"\" data-start=\"808\" data-end=\"891\">Para remover o p\u00f3, utilize um secador de cabelo na intensidade baixa e sem calor.<\/p>\n<\/li>\n<li class=\"\" data-start=\"892\" data-end=\"956\">\n<p class=\"\" data-start=\"894\" data-end=\"956\">N\u00e3o tente retirar as rosas da caixa, pois poder\u00e3o estragar-se.<\/p>\n<\/li>\n<\/ul>","protected":false},"excerpt":{"rendered":"<p><strong data-start=\"62\" data-end=\"81\">Bouquet Emerald<\/strong><br data-start=\"81\" data-end=\"84\" \/>Bouquet de 8 ou 9 rosas cor-de-rosa em caixa verde.<br data-start=\"135\" data-end=\"138\" data-is-only-node=\"\" \/>Dimens\u00f5es da caixa: 14,7 x 11,4 cm.<\/p>","protected":false},"featured_media":6425,"comment_status":"open","ping_status":"closed","template":"","meta":{"_eb_attr":"","_uag_custom_page_level_css":"","site-sidebar-layout":"default","site-content-layout":"default","ast-site-content-layout":"default","site-content-style":"default","site-sidebar-style":"default","ast-global-header-display":"","ast-banner-title-visibility":"","ast-main-header-display":"","ast-hfb-above-header-display":"","ast-hfb-below-header-display":"","ast-hfb-mobile-header-display":"","site-post-title":"","ast-breadcrumbs-content":"","ast-featured-img":"","footer-sml-layout":"","ast-disable-related-posts":"","theme-transparent-header-meta":"default","adv-header-id-meta":"","stick-header-meta":"default","header-above-stick-meta":"","header-main-stick-meta":"","header-below-stick-meta":"","astra-migrate-meta-layouts":"set","ast-page-background-enabled":"default","ast-page-background-meta":{"desktop":{"background-color":"var(--ast-global-color-4)","background-image":"","background-repeat":"repeat","background-position":"center center","background-size":"auto","background-attachment":"scroll","background-type":"","background-media":"","overlay-type":"","overlay-color":"","overlay-opacity":"","overlay-gradient":""},"tablet":{"background-color":"","background-image":"","background-repeat":"repeat","background-position":"center center","background-size":"auto","background-attachment":"scroll","background-type":"","background-media":"","overlay-type":"","overlay-color":"","overlay-opacity":"","overlay-gradient":""},"mobile":{"background-color":"","background-image":"","background-repeat":"repeat","background-position":"center center","background-size":"auto","background-attachment":"scroll","background-type":"","background-media":"","overlay-type":"","overlay-color":"","overlay-opacity":"","overlay-gradient":""}},"ast-content-background-meta":{"desktop":{"background-color":"var(--ast-global-color-5)","background-image":"","background-repeat":"repeat","background-position":"center center","background-size":"auto","background-attachment":"scroll","background-type":"","background-media":"","overlay-type":"","overlay-color":"","overlay-opacity":"","overlay-gradient":""},"tablet":{"background-color":"var(--ast-global-color-5)","background-image":"","background-repeat":"repeat","background-position":"center center","background-size":"auto","background-attachment":"scroll","background-type":"","background-media":"","overlay-type":"","overlay-color":"","overlay-opacity":"","overlay-gradient":""},"mobile":{"background-color":"var(--ast-global-color-5)","background-image":"","background-repeat":"repeat","background-position":"center center","background-size":"auto","background-attachment":"scroll","background-type":"","background-media":"","overlay-type":"","overlay-color":"","overlay-opacity":"","overlay-gradient":""}}},"product_brand":[],"product_cat":[92,73],"product_tag":[],"class_list":{"0":"post-6015","1":"product","2":"type-product","3":"status-publish","4":"has-post-thumbnail","6":"product_cat-dia-de-la-madre","7":"product_cat-especial-para-bebe","8":"desktop-align-left","9":"tablet-align-left","10":"mobile-align-left","11":"ast-product-gallery-layout-horizontal-slider","12":"ast-product-tabs-layout-horizontal","14":"first","15":"instock","16":"featured","17":"sold-individually","18":"purchasable","19":"product-type-simple"},"yoast_head":"<!-- This site is optimized with the Yoast SEO plugin v27.4 - https:\/\/yoast.com\/product\/yoast-seo-wordpress\/ -->\n<title>Bouquet Emerald - Darling Roses Portugal<\/title>\n<meta name=\"description\" content=\"Bouquet EmeraldBouquet de 8 ou 9 rosas cor-de-rosa em caixa verde.Dimens\u00f5es da caixa: 14,7 x 11,4 cm.\" \/>\n<meta name=\"robots\" content=\"index, follow, max-snippet:-1, max-image-preview:large, max-video-preview:-1\" \/>\n<link rel=\"canonical\" href=\"https:\/\/www.darlingrosesportugal.com\/en\/product\/bouquet-emerald\/\" \/>\n<meta property=\"og:locale\" content=\"en_GB\" \/>\n<meta property=\"og:type\" content=\"article\" \/>\n<meta property=\"og:title\" content=\"Bouquet Emerald - Darling Roses Portugal\" \/>\n<meta property=\"og:description\" content=\"Bouquet EmeraldBouquet de 8 ou 9 rosas cor-de-rosa em caixa verde.Dimens\u00f5es da caixa: 14,7 x 11,4 cm.\" \/>\n<meta property=\"og:url\" content=\"https:\/\/www.darlingrosesportugal.com\/en\/product\/bouquet-emerald\/\" \/>\n<meta property=\"og:site_name\" content=\"Darling Roses Portugal\" \/>\n<meta property=\"article:publisher\" content=\"https:\/\/www.facebook.com\/profile.php?id=100086260200492\" \/>\n<meta property=\"article:modified_time\" content=\"2025-04-21T15:29:30+00:00\" \/>\n<meta property=\"og:image\" content=\"https:\/\/www.darlingrosesportugal.com\/wp-content\/uploads\/2023\/07\/Rosas-Emerald6.png\" \/>\n\t<meta property=\"og:image:width\" content=\"961\" \/>\n\t<meta property=\"og:image:height\" content=\"1280\" \/>\n\t<meta property=\"og:image:type\" content=\"image\/png\" \/>\n<meta name=\"twitter:card\" content=\"summary_large_image\" \/>\n<meta name=\"twitter:site\" content=\"@Darling_Roses_\" \/>\n<meta name=\"twitter:label1\" content=\"Price\" \/>\n\t<meta name=\"twitter:data1\" content=\"99,00&nbsp;&euro;\" \/>\n\t<meta name=\"twitter:label2\" content=\"Availability\" \/>\n\t<meta name=\"twitter:data2\" content=\"In stock\" \/>\n<script type=\"application\/ld+json\" class=\"yoast-schema-graph\">{\"@context\":\"https:\\\/\\\/schema.org\",\"@graph\":[{\"@type\":\"WebPage\",\"@id\":\"https:\\\/\\\/www.darlingrosesportugal.com\\\/product\\\/bouquet-emerald\\\/\",\"url\":\"https:\\\/\\\/www.darlingrosesportugal.com\\\/product\\\/bouquet-emerald\\\/\",\"name\":\"Bouquet Emerald - Darling Roses Portugal\",\"isPartOf\":{\"@id\":\"https:\\\/\\\/www.darlingrosesportugal.com\\\/#website\"},\"primaryImageOfPage\":{\"@id\":\"https:\\\/\\\/www.darlingrosesportugal.com\\\/product\\\/bouquet-emerald\\\/#primaryimage\"},\"image\":{\"@id\":\"https:\\\/\\\/www.darlingrosesportugal.com\\\/product\\\/bouquet-emerald\\\/#primaryimage\"},\"thumbnailUrl\":\"https:\\\/\\\/www.darlingrosesportugal.com\\\/wp-content\\\/uploads\\\/2023\\\/07\\\/Rosas-Emerald6.png\",\"datePublished\":\"2023-07-31T18:33:14+00:00\",\"dateModified\":\"2025-04-21T15:29:30+00:00\",\"description\":\"Bouquet EmeraldBouquet de 8 ou 9 rosas cor-de-rosa em caixa verde.Dimens\u00f5es da caixa: 14,7 x 11,4 cm.\",\"breadcrumb\":{\"@id\":\"https:\\\/\\\/www.darlingrosesportugal.com\\\/product\\\/bouquet-emerald\\\/#breadcrumb\"},\"inLanguage\":\"en-GB\",\"potentialAction\":[{\"@type\":\"ReadAction\",\"target\":[\"https:\\\/\\\/www.darlingrosesportugal.com\\\/product\\\/bouquet-emerald\\\/\"]}]},{\"@type\":\"ImageObject\",\"inLanguage\":\"en-GB\",\"@id\":\"https:\\\/\\\/www.darlingrosesportugal.com\\\/product\\\/bouquet-emerald\\\/#primaryimage\",\"url\":\"https:\\\/\\\/www.darlingrosesportugal.com\\\/wp-content\\\/uploads\\\/2023\\\/07\\\/Rosas-Emerald6.png\",\"contentUrl\":\"https:\\\/\\\/www.darlingrosesportugal.com\\\/wp-content\\\/uploads\\\/2023\\\/07\\\/Rosas-Emerald6.png\",\"width\":961,\"height\":1280},{\"@type\":\"BreadcrumbList\",\"@id\":\"https:\\\/\\\/www.darlingrosesportugal.com\\\/product\\\/bouquet-emerald\\\/#breadcrumb\",\"itemListElement\":[{\"@type\":\"ListItem\",\"position\":1,\"name\":\"Inicio\",\"item\":\"https:\\\/\\\/www.darlingrosesportugal.com\\\/\"},{\"@type\":\"ListItem\",\"position\":2,\"name\":\"Shop\",\"item\":\"https:\\\/\\\/www.darlingrosesportugal.com\\\/shop\\\/\"},{\"@type\":\"ListItem\",\"position\":3,\"name\":\"Bouquet Emerald\"}]},{\"@type\":\"WebSite\",\"@id\":\"https:\\\/\\\/www.darlingrosesportugal.com\\\/#website\",\"url\":\"https:\\\/\\\/www.darlingrosesportugal.com\\\/\",\"name\":\"Darling Roses Portugal\",\"description\":\"Florista online de Rosas Preservadas em Portugal\",\"publisher\":{\"@id\":\"https:\\\/\\\/www.darlingrosesportugal.com\\\/#organization\"},\"alternateName\":\"Floristeria Online Rosas Preservadas Sevilla\",\"potentialAction\":[{\"@type\":\"SearchAction\",\"target\":{\"@type\":\"EntryPoint\",\"urlTemplate\":\"https:\\\/\\\/www.darlingrosesportugal.com\\\/?s={search_term_string}\"},\"query-input\":{\"@type\":\"PropertyValueSpecification\",\"valueRequired\":true,\"valueName\":\"search_term_string\"}}],\"inLanguage\":\"en-GB\"},{\"@type\":\"Organization\",\"@id\":\"https:\\\/\\\/www.darlingrosesportugal.com\\\/#organization\",\"name\":\"Darling Roses\",\"alternateName\":\"Floristeria Online Rosas Preservadas Sevilla\",\"url\":\"https:\\\/\\\/www.darlingrosesportugal.com\\\/\",\"logo\":{\"@type\":\"ImageObject\",\"inLanguage\":\"en-GB\",\"@id\":\"https:\\\/\\\/www.darlingrosesportugal.com\\\/#\\\/schema\\\/logo\\\/image\\\/\",\"url\":\"https:\\\/\\\/www.darlingrosesportugal.com\\\/wp-content\\\/uploads\\\/2022\\\/09\\\/darlingroses-small.png\",\"contentUrl\":\"https:\\\/\\\/www.darlingrosesportugal.com\\\/wp-content\\\/uploads\\\/2022\\\/09\\\/darlingroses-small.png\",\"width\":312,\"height\":282,\"caption\":\"Darling Roses\"},\"image\":{\"@id\":\"https:\\\/\\\/www.darlingrosesportugal.com\\\/#\\\/schema\\\/logo\\\/image\\\/\"},\"sameAs\":[\"https:\\\/\\\/www.facebook.com\\\/profile.php?id=100086260200492\",\"https:\\\/\\\/x.com\\\/Darling_Roses_\"]}]}<\/script>\n<meta property=\"product:price:amount\" content=\"99.00\" \/>\n<meta property=\"product:price:currency\" content=\"EUR\" \/>\n<meta property=\"og:availability\" content=\"instock\" \/>\n<meta property=\"product:availability\" content=\"instock\" \/>\n<meta property=\"product:retailer_item_id\" content=\"T-01-6-1\" \/>\n<meta property=\"product:condition\" content=\"new\" \/>\n<!-- \/ Yoast SEO plugin. -->","yoast_head_json":{"title":"Bouquet Emerald - Darling Roses Portugal","description":"Bouquet EmeraldBouquet de 8 ou 9 rosas cor-de-rosa em caixa verde.Dimens\u00f5es da caixa: 14,7 x 11,4 cm.","robots":{"index":"index","follow":"follow","max-snippet":"max-snippet:-1","max-image-preview":"max-image-preview:large","max-video-preview":"max-video-preview:-1"},"canonical":"https:\/\/www.darlingrosesportugal.com\/en\/product\/bouquet-emerald\/","og_locale":"en_GB","og_type":"article","og_title":"Bouquet Emerald - Darling Roses Portugal","og_description":"Bouquet EmeraldBouquet de 8 ou 9 rosas cor-de-rosa em caixa verde.Dimens\u00f5es da caixa: 14,7 x 11,4 cm.","og_url":"https:\/\/www.darlingrosesportugal.com\/en\/product\/bouquet-emerald\/","og_site_name":"Darling Roses Portugal","article_publisher":"https:\/\/www.facebook.com\/profile.php?id=100086260200492","article_modified_time":"2025-04-21T15:29:30+00:00","og_image":[{"width":961,"height":1280,"url":"https:\/\/www.darlingrosesportugal.com\/wp-content\/uploads\/2023\/07\/Rosas-Emerald6.png","type":"image\/png"}],"twitter_card":"summary_large_image","twitter_site":"@Darling_Roses_","twitter_misc":{"Price":"99,00&nbsp;&euro;","Availability":"In stock"},"schema":{"@context":"https:\/\/schema.org","@graph":[{"@type":"WebPage","@id":"https:\/\/www.darlingrosesportugal.com\/product\/bouquet-emerald\/","url":"https:\/\/www.darlingrosesportugal.com\/product\/bouquet-emerald\/","name":"Bouquet Emerald - Darling Roses Portugal","isPartOf":{"@id":"https:\/\/www.darlingrosesportugal.com\/#website"},"primaryImageOfPage":{"@id":"https:\/\/www.darlingrosesportugal.com\/product\/bouquet-emerald\/#primaryimage"},"image":{"@id":"https:\/\/www.darlingrosesportugal.com\/product\/bouquet-emerald\/#primaryimage"},"thumbnailUrl":"https:\/\/www.darlingrosesportugal.com\/wp-content\/uploads\/2023\/07\/Rosas-Emerald6.png","datePublished":"2023-07-31T18:33:14+00:00","dateModified":"2025-04-21T15:29:30+00:00","description":"Bouquet EmeraldBouquet de 8 ou 9 rosas cor-de-rosa em caixa verde.Dimens\u00f5es da caixa: 14,7 x 11,4 cm.","breadcrumb":{"@id":"https:\/\/www.darlingrosesportugal.com\/product\/bouquet-emerald\/#breadcrumb"},"inLanguage":"en-GB","potentialAction":[{"@type":"ReadAction","target":["https:\/\/www.darlingrosesportugal.com\/product\/bouquet-emerald\/"]}]},{"@type":"ImageObject","inLanguage":"en-GB","@id":"https:\/\/www.darlingrosesportugal.com\/product\/bouquet-emerald\/#primaryimage","url":"https:\/\/www.darlingrosesportugal.com\/wp-content\/uploads\/2023\/07\/Rosas-Emerald6.png","contentUrl":"https:\/\/www.darlingrosesportugal.com\/wp-content\/uploads\/2023\/07\/Rosas-Emerald6.png","width":961,"height":1280},{"@type":"BreadcrumbList","@id":"https:\/\/www.darlingrosesportugal.com\/product\/bouquet-emerald\/#breadcrumb","itemListElement":[{"@type":"ListItem","position":1,"name":"Inicio","item":"https:\/\/www.darlingrosesportugal.com\/"},{"@type":"ListItem","position":2,"name":"Shop","item":"https:\/\/www.darlingrosesportugal.com\/shop\/"},{"@type":"ListItem","position":3,"name":"Bouquet Emerald"}]},{"@type":"WebSite","@id":"https:\/\/www.darlingrosesportugal.com\/#website","url":"https:\/\/www.darlingrosesportugal.com\/","name":"Darling Roses Portugal","description":"Online florist for preserved roses in Portugal","publisher":{"@id":"https:\/\/www.darlingrosesportugal.com\/#organization"},"alternateName":"Floristeria Online Rosas Preservadas Sevilla","potentialAction":[{"@type":"SearchAction","target":{"@type":"EntryPoint","urlTemplate":"https:\/\/www.darlingrosesportugal.com\/?s={search_term_string}"},"query-input":{"@type":"PropertyValueSpecification","valueRequired":true,"valueName":"search_term_string"}}],"inLanguage":"en-GB"},{"@type":"Organization","@id":"https:\/\/www.darlingrosesportugal.com\/#organization","name":"Darling Roses","alternateName":"Floristeria Online Rosas Preservadas Sevilla","url":"https:\/\/www.darlingrosesportugal.com\/","logo":{"@type":"ImageObject","inLanguage":"en-GB","@id":"https:\/\/www.darlingrosesportugal.com\/#\/schema\/logo\/image\/","url":"https:\/\/www.darlingrosesportugal.com\/wp-content\/uploads\/2022\/09\/darlingroses-small.png","contentUrl":"https:\/\/www.darlingrosesportugal.com\/wp-content\/uploads\/2022\/09\/darlingroses-small.png","width":312,"height":282,"caption":"Darling Roses"},"image":{"@id":"https:\/\/www.darlingrosesportugal.com\/#\/schema\/logo\/image\/"},"sameAs":["https:\/\/www.facebook.com\/profile.php?id=100086260200492","https:\/\/x.com\/Darling_Roses_"]}]},"product_price_amount":"99.00","product_price_currency":"EUR","og_availability":"instock","product_availability":"instock","product_retailer_item_id":"T-01-6-1","product_condition":"new"},"uagb_featured_image_src":{"full":["https:\/\/www.darlingrosesportugal.com\/wp-content\/uploads\/2023\/07\/Rosas-Emerald6.png",961,1280,false],"thumbnail":["https:\/\/www.darlingrosesportugal.com\/wp-content\/uploads\/2023\/07\/Rosas-Emerald6-150x150.png",150,150,true],"medium":["https:\/\/www.darlingrosesportugal.com\/wp-content\/uploads\/2023\/07\/Rosas-Emerald6-225x300.png",225,300,true],"medium_large":["https:\/\/www.darlingrosesportugal.com\/wp-content\/uploads\/2023\/07\/Rosas-Emerald6-768x1023.png",768,1023,true],"large":["https:\/\/www.darlingrosesportugal.com\/wp-content\/uploads\/2023\/07\/Rosas-Emerald6-769x1024.png",769,1024,true],"1536x1536":["https:\/\/www.darlingrosesportugal.com\/wp-content\/uploads\/2023\/07\/Rosas-Emerald6.png",961,1280,false],"2048x2048":["https:\/\/www.darlingrosesportugal.com\/wp-content\/uploads\/2023\/07\/Rosas-Emerald6.png",961,1280,false],"trp-custom-language-flag":["https:\/\/www.darlingrosesportugal.com\/wp-content\/uploads\/2023\/07\/Rosas-Emerald6-9x12.png",9,12,true],"woocommerce_thumbnail":["https:\/\/www.darlingrosesportugal.com\/wp-content\/uploads\/2023\/07\/Rosas-Emerald6-300x300.png",300,300,true],"woocommerce_single":["https:\/\/www.darlingrosesportugal.com\/wp-content\/uploads\/2023\/07\/Rosas-Emerald6-600x799.png",600,799,true],"woocommerce_gallery_thumbnail":["https:\/\/www.darlingrosesportugal.com\/wp-content\/uploads\/2023\/07\/Rosas-Emerald6-100x100.png",100,100,true]},"uagb_author_info":{"display_name":"admin","author_link":"https:\/\/www.darlingrosesportugal.com\/en\/author\/"},"uagb_comment_info":0,"uagb_excerpt":"Bouquet EmeraldBouquet de 8 ou 9 rosas cor-de-rosa em caixa verde.Dimens\u00f5es da caixa: 14,7 x 11,4 cm.","jetpack_sharing_enabled":true,"_links":{"self":[{"href":"https:\/\/www.darlingrosesportugal.com\/en\/wp-json\/wp\/v2\/product\/6015","targetHints":{"allow":["GET"]}}],"collection":[{"href":"https:\/\/www.darlingrosesportugal.com\/en\/wp-json\/wp\/v2\/product"}],"about":[{"href":"https:\/\/www.darlingrosesportugal.com\/en\/wp-json\/wp\/v2\/types\/product"}],"replies":[{"embeddable":true,"href":"https:\/\/www.darlingrosesportugal.com\/en\/wp-json\/wp\/v2\/comments?post=6015"}],"version-history":[{"count":5,"href":"https:\/\/www.darlingrosesportugal.com\/en\/wp-json\/wp\/v2\/product\/6015\/revisions"}],"predecessor-version":[{"id":6750,"href":"https:\/\/www.darlingrosesportugal.com\/en\/wp-json\/wp\/v2\/product\/6015\/revisions\/6750"}],"wp:featuredmedia":[{"embeddable":true,"href":"https:\/\/www.darlingrosesportugal.com\/en\/wp-json\/wp\/v2\/media\/6425"}],"wp:attachment":[{"href":"https:\/\/www.darlingrosesportugal.com\/en\/wp-json\/wp\/v2\/media?parent=6015"}],"wp:term":[{"taxonomy":"product_brand","embeddable":true,"href":"https:\/\/www.darlingrosesportugal.com\/en\/wp-json\/wp\/v2\/product_brand?post=6015"},{"taxonomy":"product_cat","embeddable":true,"href":"https:\/\/www.darlingrosesportugal.com\/en\/wp-json\/wp\/v2\/product_cat?post=6015"},{"taxonomy":"product_tag","embeddable":true,"href":"https:\/\/www.darlingrosesportugal.com\/en\/wp-json\/wp\/v2\/product_tag?post=6015"}],"curies":[{"name":"wp","href":"https:\/\/api.w.org\/{rel}","templated":true}]}}